{"id":1247,"date":"2015-07-23T16:00:15","date_gmt":"2015-07-23T22:00:15","guid":{"rendered":"\/?page_id=1247"},"modified":"2025-03-14T12:54:44","modified_gmt":"2025-03-14T18:54:44","slug":"historia-confianza","status":"publish","type":"page","link":"https:\/\/www.vivibanco.com.gt\/?page_id=1247","title":{"rendered":"Historia Confianza"},"content":{"rendered":"<p class=\"text-justify\">Inici\u00f3 operaciones en el a\u00f1o 1994 como una Compa\u00f1\u00eda Afianzadora, suscribiendo y emitiendo fianzas de todo tipo, orientada principalmente a ofertar el afianzamiento de cr\u00e9ditos hipotecarios.<\/p>\n<p class=\"text-justify\">En Junio del 2011, pas\u00f3 a formar parte del <b>GRUPO FINANCIERO VIVIBANCO<\/b>, fortaleciendo su posici\u00f3n en el mercado local de seguros de cauci\u00f3n, emitiendo fianzas de todo tipo principalmente Fianzas Administrativas ante el Gobierno y ante Particulares y Fianzas de Cr\u00e9dito de Vivienda.<\/p>\n<p>El d\u00eda 3 de octubre del a\u00f1o 2018 la Junta Monetaria por medio de la resoluci\u00f3n JM-77-2018 concedi\u00f3 la autorizaci\u00f3n de poder operar como <b>SEGUROS CONFIANZA<\/b>, por lo que en el mes de noviembre del mismo a\u00f1o se procedi\u00f3 a elaborar la escritura de modificaci\u00f3n del pacto social y se inici\u00f3 con el proceso legal, administrativo y organizacional para operar como aseguradora con todos los ramos de seguro.<\/p>\n","protected":false},"excerpt":{"rendered":"<p>Inici\u00f3 operaciones en el a\u00f1o 1994 como una Compa\u00f1\u00eda Afianzadora, suscribiendo y emitiendo fianzas de todo tipo, orientada principalmente a ofertar el afianzamiento de cr\u00e9ditos hipotecarios. En Junio del 2011, pas\u00f3 a formar parte del GRUPO FINANCIERO VIVIBANCO, fortaleciendo su <a href=\"https:\/\/www.vivibanco.com.gt\/?page_id=1247\"><\/p>\n<div class=\"read-more\">\n<p>Read more &#8250;<\/p>\n<\/div>\n<p><!-- end of .read-more --><\/a><\/p>\n","protected":false},"author":1,"featured_media":6391,"parent":0,"menu_order":0,"comment_status":"closed","ping_status":"closed","template":"template-7confianza.php","meta":{"footnotes":""},"class_list":["post-1247","page","type-page","status-publish","has-post-thumbnail","hentry"],"_links":{"self":[{"href":"https:\/\/www.vivibanco.com.gt\/index.php?rest_route=\/wp\/v2\/pages\/1247","targetHints":{"allow":["GET"]}}],"collection":[{"href":"https:\/\/www.vivibanco.com.gt\/index.php?rest_route=\/wp\/v2\/pages"}],"about":[{"href":"https:\/\/www.vivibanco.com.gt\/index.php?rest_route=\/wp\/v2\/types\/page"}],"author":[{"embeddable":true,"href":"https:\/\/www.vivibanco.com.gt\/index.php?rest_route=\/wp\/v2\/users\/1"}],"replies":[{"embeddable":true,"href":"https:\/\/www.vivibanco.com.gt\/index.php?rest_route=%2Fwp%2Fv2%2Fcomments&post=1247"}],"version-history":[{"count":1,"href":"https:\/\/www.vivibanco.com.gt\/index.php?rest_route=\/wp\/v2\/pages\/1247\/revisions"}],"predecessor-version":[{"id":6402,"href":"https:\/\/www.vivibanco.com.gt\/index.php?rest_route=\/wp\/v2\/pages\/1247\/revisions\/6402"}],"wp:featuredmedia":[{"embeddable":true,"href":"https:\/\/www.vivibanco.com.gt\/index.php?rest_route=\/wp\/v2\/media\/6391"}],"wp:attachment":[{"href":"https:\/\/www.vivibanco.com.gt\/index.php?rest_route=%2Fwp%2Fv2%2Fmedia&parent=1247"}],"curies":[{"name":"wp","href":"https:\/\/api.w.org\/{rel}","templated":true}]}}