{"id":1255,"date":"2015-07-23T16:07:12","date_gmt":"2015-07-23T22:07:12","guid":{"rendered":"\/?page_id=1255"},"modified":"2025-03-14T12:57:55","modified_gmt":"2025-03-14T18:57:55","slug":"mision-y-vision-confianza","status":"publish","type":"page","link":"https:\/\/www.vivibanco.com.gt\/?page_id=1255","title":{"rendered":"Misi\u00f3n y Visi\u00f3n Confianza"},"content":{"rendered":"<h3>Misi\u00f3n<\/h3>\n<p>Somos una compa\u00f1\u00eda de seguros administrada con excelencia, orientada a los seguros de cauci\u00f3n, con especial atenci\u00f3n en el cr\u00e9dito de vivienda, apoyando as\u00ed el acceso al financiamiento de vivienda de las familias guatemaltecas, generando valor a sus clientes, colaboradores y accionistas.<\/p>\n<h3>Visi\u00f3n<\/h3>\n<p>Ampliar en el corto plazo la oferta de seguros orientados a todos los guatemaltecos, manteniendo la posici\u00f3n de liderazgo en el aseguramiento privado del cr\u00e9dito para vivienda, participando activamente en el desarrollo del mercado asegurador.<\/p>\n","protected":false},"excerpt":{"rendered":"<p>Misi\u00f3n Somos una compa\u00f1\u00eda de seguros administrada con excelencia, orientada a los seguros de cauci\u00f3n, con especial atenci\u00f3n en el cr\u00e9dito de vivienda, apoyando as\u00ed el acceso al financiamiento de vivienda de las familias guatemaltecas, generando valor a sus clientes, <a href=\"https:\/\/www.vivibanco.com.gt\/?page_id=1255\"><\/p>\n<div class=\"read-more\">\n<p>Read more &#8250;<\/p>\n<\/div>\n<p><!-- end of .read-more --><\/a><\/p>\n","protected":false},"author":1,"featured_media":6389,"parent":0,"menu_order":0,"comment_status":"closed","ping_status":"closed","template":"template-7confianza.php","meta":{"footnotes":""},"class_list":["post-1255","page","type-page","status-publish","has-post-thumbnail","hentry"],"_links":{"self":[{"href":"https:\/\/www.vivibanco.com.gt\/index.php?rest_route=\/wp\/v2\/pages\/1255","targetHints":{"allow":["GET"]}}],"collection":[{"href":"https:\/\/www.vivibanco.com.gt\/index.php?rest_route=\/wp\/v2\/pages"}],"about":[{"href":"https:\/\/www.vivibanco.com.gt\/index.php?rest_route=\/wp\/v2\/types\/page"}],"author":[{"embeddable":true,"href":"https:\/\/www.vivibanco.com.gt\/index.php?rest_route=\/wp\/v2\/users\/1"}],"replies":[{"embeddable":true,"href":"https:\/\/www.vivibanco.com.gt\/index.php?rest_route=%2Fwp%2Fv2%2Fcomments&post=1255"}],"version-history":[{"count":1,"href":"https:\/\/www.vivibanco.com.gt\/index.php?rest_route=\/wp\/v2\/pages\/1255\/revisions"}],"predecessor-version":[{"id":6379,"href":"https:\/\/www.vivibanco.com.gt\/index.php?rest_route=\/wp\/v2\/pages\/1255\/revisions\/6379"}],"wp:featuredmedia":[{"embeddable":true,"href":"https:\/\/www.vivibanco.com.gt\/index.php?rest_route=\/wp\/v2\/media\/6389"}],"wp:attachment":[{"href":"https:\/\/www.vivibanco.com.gt\/index.php?rest_route=%2Fwp%2Fv2%2Fmedia&parent=1255"}],"curies":[{"name":"wp","href":"https:\/\/api.w.org\/{rel}","templated":true}]}}