{"id":127,"date":"2015-03-11T14:50:16","date_gmt":"2015-03-11T14:50:16","guid":{"rendered":"\/?page_id=127"},"modified":"2025-03-31T17:16:02","modified_gmt":"2025-03-31T23:16:02","slug":"certificado-de-deposito-a-plazo-fijo","status":"publish","type":"page","link":"https:\/\/www.vivibanco.com.gt\/?page_id=127","title":{"rendered":"Plazo Fijo"},"content":{"rendered":"<div class=\"row\">\n<div class=\"col-sm-12\">&nbsp;Multiplique su inversi\u00f3n con las m\u00e1s atractivas tasas de inter\u00e9s del mercado.<\/div>\n<p>&nbsp;<\/p>\n<h3 style=\"text-align: left;\">Beneficios<\/h3>\n<p>&nbsp;<\/p>\n<ul style=\"list-style-type: disc; margin-left: 40px;\">\n<li>Disponible en Quetzales y D\u00f3lares<\/li>\n<li>Monto m\u00ednimo de inversi\u00f3n Q 1,000.00 \u00f3 USD 1,000.00<\/li>\n<\/ul>\n<p>&nbsp;<\/p>\n<h3 style=\"text-align: left;\">&nbsp; &nbsp;Caracter\u00edsticas<\/h3>\n<ul style=\"list-style-type: disc; margin-left: 40px;\">\n<li>&nbsp;Disponible en quetzales y d\u00f3lares<\/li>\n<li>&nbsp;Monto m\u00ednimo de inversi\u00f3n Q1,000.00 \u00f3 USD1,000.00<\/li>\n<li>&nbsp;Devengan un inter\u00e9s anual de acuerdo al monto y plazo pactados<\/li>\n<\/ul>\n<h3>&nbsp;Requisitos<\/h3>\n<div>\n<ul class=\"nav nav-tabs\">\n<li><a href=\"#persona\" data-toggle=\"tab\">Persona Individual<i class=\"fa fa-arrow-circle-o-right\"><\/i><\/a><\/li>\n<li><a href=\"#empresa\" data-toggle=\"tab\">Empresas<i class=\"fa fa-arrow-circle-o-right\"><\/i><\/a><\/li>\n<\/ul>\n<div class=\"tab-content\">\n<div id=\"persona\" class=\"tab-pane fade\">\n<ul style=\"list-style-type: disc;\">\n<li>Contrato de Apertura <a href=\"\/wp-content\/uploads\/download-manager-files\/ContratodeApertura.doc\">Descargar aqu\u00ed<\/a><\/li>\n<li>Formulario de inicio de relaciones <a href=\"\/wp-content\/uploads\/download-manager-files\/ProductosYServicios.xls\">Descargar aqu\u00ed<\/a> y anexos autorizados por la IVE.<a href=\"\/wp-content\/uploads\/download-manager-files\/IVE-IR-Individual.xls\">Descargar aqu\u00ed<\/a><\/li>\n<li>Presentar DPI Original y fotocopia del solicitante (ambos lados)<\/li>\n<li>Si es (son) extranjero (s) fotocopia del pasaporte y acreditaci\u00f3n migratoria<\/li>\n<li>Para ciudadanos y personas residentes en los Estados Unidos de Norte Am\u00e9rica, deber\u00e1n presentar carn\u00e9 Social Security,Taxpayer Identification Number \u201cTIN\u201d (N\u00famero de Identificaci\u00f3n de Contribuyente) y Formulario FATCA <a href=\"\/wp-content\/uploads\/download-manager-files\/CUESTIONARIOFATCA.doc\">Descargar aqu\u00ed<\/a><\/li>\n<li>Fotocopia de recibo de agua, luz, tel\u00e9fono o servicio similar que registre la direcci\u00f3n de la residencia reportada por el (o los) solicitante (s)<\/li>\n<li>Si posee negocio propio, presentar fotocopia de patente de comercio y carn\u00e9 de la SAT o RTU<\/li>\n<li>Si se designan beneficiarios, deber\u00e1n indicar nombres y apellido completos, direcci\u00f3n de residencia e informaci\u00f3n adicional que requieran las leyes aplicables<\/li>\n<\/ul>\n<\/div>\n<div id=\"empresa\" class=\"tab-pane fade\">\n<ul style=\"list-style-type: disc;\">\n<li>Contrato de Apertura <a href=\"&quot;\/wp-content\/uploads\/download-manager-files\/ContratodeApertura.doc\">Descargar aqu\u00ed<\/a><\/li>\n<li>Formulario de inicio de relaciones <a href=\"\/wp-content\/uploads\/download-manager-files\/ProductosYServicios.xls\">Descargar aqu\u00ed<\/a> y anexos autorizados por la IVE.<a href=\"\/wp-content\/uploads\/download-manager-files\/IVE-IR-Individual.xls\">Descargar aqu\u00ed<\/a><\/li>\n<li>Fotocopia de patente de sociedad y comercio<\/li>\n<li>Fotocopia de Nombramiento del Representante Legal<\/li>\n<li>Fotocopia del primer testimonio de la escritura p\u00fablica de constituci\u00f3n de sociedad<\/li>\n<li>Presentar DPI Original y fotocopia del solicitante (ambos lados)<\/li>\n<li>Fotocopia de recibo de agua, luz, tel\u00e9fono o servicio similar que registre la direcci\u00f3n de la residencia reportada por el (o los) solicitante (s)<\/li>\n<li>Si es (son) extranjero (s) fotocopia del pasaporte y acreditaci\u00f3n migratoria<\/li>\n<li>Para ciudadanos y personas residentes en los Estados Unidos de Norte Am\u00e9rica, deber\u00e1n presentar carn\u00e9 Social Security,Taxpayer Identification Number \u201cTIN\u201d (N\u00famero de Identificaci\u00f3n de Contribuyente) y Formulario FATCA <a href=\"\/wp-content\/uploads\/download-manager-files\/CUESTIONARIOFATCA.doc\">Descargar aqu\u00ed<\/a><\/li>\n<\/ul>\n<\/div>\n<\/div>\n<\/div>\n<h3 style=\"color:#ffffff !important;\">Recuerde que con <a href=\"\/?page_id=730\"> Banca en L\u00ednea <\/a> puede realizar:<\/h3>\n<ul style=\"list-style-type: disc;\">\n<li>Emisi\u00f3n de Estado de Cuenta<\/li>\n<li>Transferencia a cuentas propias<\/li>\n<li>Pagar la cuota de su cr\u00e9dito con autorizaci\u00f3n de d\u00e9bito autom\u00e1tico<\/li>\n<li>BANCASAT, pago de impuestos<\/li>\n<li>Pago de Planilla<\/li>\n<li>Transferencias ACH<\/li>\n<\/ul>\n<\/div>\n","protected":false},"excerpt":{"rendered":"<p>&nbsp;Multiplique su inversi\u00f3n con las m\u00e1s atractivas tasas de inter\u00e9s del mercado. &nbsp; Beneficios &nbsp; Disponible en Quetzales y D\u00f3lares Monto m\u00ednimo de inversi\u00f3n Q 1,000.00 \u00f3 USD 1,000.00 &nbsp; &nbsp; &nbsp;Caracter\u00edsticas &nbsp;Disponible en quetzales y d\u00f3lares &nbsp;Monto m\u00ednimo de <a href=\"https:\/\/www.vivibanco.com.gt\/?page_id=127\"><\/p>\n<div class=\"read-more\">\n<p>Read more &#8250;<\/p>\n<\/div>\n<p><!-- end of .read-more --><\/a><\/p>\n","protected":false},"author":1,"featured_media":6358,"parent":0,"menu_order":0,"comment_status":"closed","ping_status":"closed","template":"template-2productos.php","meta":{"footnotes":""},"class_list":["post-127","page","type-page","status-publish","has-post-thumbnail","hentry"],"_links":{"self":[{"href":"https:\/\/www.vivibanco.com.gt\/index.php?rest_route=\/wp\/v2\/pages\/127","targetHints":{"allow":["GET"]}}],"collection":[{"href":"https:\/\/www.vivibanco.com.gt\/index.php?rest_route=\/wp\/v2\/pages"}],"about":[{"href":"https:\/\/www.vivibanco.com.gt\/index.php?rest_route=\/wp\/v2\/types\/page"}],"author":[{"embeddable":true,"href":"https:\/\/www.vivibanco.com.gt\/index.php?rest_route=\/wp\/v2\/users\/1"}],"replies":[{"embeddable":true,"href":"https:\/\/www.vivibanco.com.gt\/index.php?rest_route=%2Fwp%2Fv2%2Fcomments&post=127"}],"version-history":[{"count":1,"href":"https:\/\/www.vivibanco.com.gt\/index.php?rest_route=\/wp\/v2\/pages\/127\/revisions"}],"predecessor-version":[{"id":6918,"href":"https:\/\/www.vivibanco.com.gt\/index.php?rest_route=\/wp\/v2\/pages\/127\/revisions\/6918"}],"wp:featuredmedia":[{"embeddable":true,"href":"https:\/\/www.vivibanco.com.gt\/index.php?rest_route=\/wp\/v2\/media\/6358"}],"wp:attachment":[{"href":"https:\/\/www.vivibanco.com.gt\/index.php?rest_route=%2Fwp%2Fv2%2Fmedia&parent=127"}],"curies":[{"name":"wp","href":"https:\/\/api.w.org\/{rel}","templated":true}]}}