{"id":131,"date":"2015-03-11T14:51:45","date_gmt":"2015-03-11T14:51:45","guid":{"rendered":"\/?page_id=131"},"modified":"2023-05-15T14:58:50","modified_gmt":"2023-05-15T20:58:50","slug":"operaciones-internacionales","status":"publish","type":"page","link":"https:\/\/www.vivibanco.com.gt\/?page_id=131","title":{"rendered":"Operaciones Internacionales"},"content":{"rendered":"<p>Podr\u00e1 realizar sus operaciones bancarias internacionales, como: compra y venta de divisas, env\u00edo y recepci\u00f3n de transferencias en forma r\u00e1pida, segura y c\u00f3moda.<\/p>\n<h3>Compra y Venta de D\u00f3lares en efectivo<\/h3>\n<p>Ofrece el servicio de compra y venta de d\u00f3lares en efectivo para cuentahabientes, a tasa preferencial.<\/p>\n<p>&nbsp;<\/p>\n<h3>Compra y Venta de Giros<\/h3>\n<p>Este servicio se presta exclusivamente a cuentahabientes y guarda una reserva de cobro de 20 d\u00edas calendario. El documento debe estar a nombre de Vivibanco. Si no es cuentahabiente tiene la opci\u00f3n de abrir su cuenta con ese mismo documento deposit\u00e1ndolo como reserva de cobro.<\/p>\n<p>&nbsp;<\/p>\n<h3>Compra y Venta de Cheques de Caja Locales en D\u00f3lares.<\/h3>\n<p>Medio de pago seguro disponible con reserva de cobro de 24 horas.<\/p>\n<p>&nbsp;<\/p>\n<h3>Env\u00edo y Recepci\u00f3n de Transferencias<\/h3>\n<p>Servicio de recepci\u00f3n y env\u00edo de transferencias a Bancos del exterior.<\/p>\n<p>&nbsp;<\/p>\n<h3>Remesas<\/h3>\n<p>Recepci\u00f3n y\/o env\u00edo de dinero a diferentes partes del mundo de forma r\u00e1pida y segura a trav\u00e9s de Western Union.<\/p>\n<p>&nbsp;<\/p>\n<h3 style=\"color:#ffffff !important;\">Recuerde que con <a href=\"\/?page_id=730\"> Banca en L\u00ednea <\/a> puede realizar:<\/h3>\n<ul style=\"list-style-type: disc;\">\n<li>Emisi\u00f3n de Estado de Cuenta<\/li>\n<li>Transferencia a cuentas propias<\/li>\n<li>Pagar la cuota de su cr\u00e9dito con autorizaci\u00f3n de d\u00e9bito autom\u00e1tico<\/li>\n<li>BANCASAT, pago de impuestos<\/li>\n<li>Pago de Planilla<\/li>\n<li>Transferencias ACH<\/li>\n<\/ul>\n","protected":false},"excerpt":{"rendered":"<p>Podr\u00e1 realizar sus operaciones bancarias internacionales, como: compra y venta de divisas, env\u00edo y recepci\u00f3n de transferencias en forma r\u00e1pida, segura y c\u00f3moda. Compra y Venta de D\u00f3lares en efectivo Ofrece el servicio de compra y venta de d\u00f3lares en <a href=\"https:\/\/www.vivibanco.com.gt\/?page_id=131\"><\/p>\n<div class=\"read-more\">\n<p>Read more &#8250;<\/p>\n<\/div>\n<p><!-- end of .read-more --><\/a><\/p>\n","protected":false},"author":1,"featured_media":6309,"parent":0,"menu_order":0,"comment_status":"closed","ping_status":"closed","template":"template-2productos.php","meta":{"footnotes":""},"class_list":["post-131","page","type-page","status-publish","has-post-thumbnail","hentry"],"_links":{"self":[{"href":"https:\/\/www.vivibanco.com.gt\/index.php?rest_route=\/wp\/v2\/pages\/131","targetHints":{"allow":["GET"]}}],"collection":[{"href":"https:\/\/www.vivibanco.com.gt\/index.php?rest_route=\/wp\/v2\/pages"}],"about":[{"href":"https:\/\/www.vivibanco.com.gt\/index.php?rest_route=\/wp\/v2\/types\/page"}],"author":[{"embeddable":true,"href":"https:\/\/www.vivibanco.com.gt\/index.php?rest_route=\/wp\/v2\/users\/1"}],"replies":[{"embeddable":true,"href":"https:\/\/www.vivibanco.com.gt\/index.php?rest_route=%2Fwp%2Fv2%2Fcomments&post=131"}],"version-history":[{"count":1,"href":"https:\/\/www.vivibanco.com.gt\/index.php?rest_route=\/wp\/v2\/pages\/131\/revisions"}],"predecessor-version":[{"id":1798,"href":"https:\/\/www.vivibanco.com.gt\/index.php?rest_route=\/wp\/v2\/pages\/131\/revisions\/1798"}],"wp:featuredmedia":[{"embeddable":true,"href":"https:\/\/www.vivibanco.com.gt\/index.php?rest_route=\/wp\/v2\/media\/6309"}],"wp:attachment":[{"href":"https:\/\/www.vivibanco.com.gt\/index.php?rest_route=%2Fwp%2Fv2%2Fmedia&parent=131"}],"curies":[{"name":"wp","href":"https:\/\/api.w.org\/{rel}","templated":true}]}}