{"id":133,"date":"2015-03-11T14:52:06","date_gmt":"2015-03-11T14:52:06","guid":{"rendered":"\/?page_id=133"},"modified":"2023-05-16T09:21:02","modified_gmt":"2023-05-16T15:21:02","slug":"otros-servicios-bancarios","status":"publish","type":"page","link":"https:\/\/www.vivibanco.com.gt\/?page_id=133","title":{"rendered":"Otros Servicios Bancarios"},"content":{"rendered":"<p>Realice sus pagos en la comodidad de su casa u oficina a trav\u00e9s de Banca en L\u00ednea o en cualquiera de nuestros puntos de servicio:<\/p>\n<p>&nbsp;<\/p>\n<p><span class=\"text-yellow\">EMPAGUA: <\/span><br \/>\nRecepci\u00f3n de pago de las facturas por suministro de agua.<\/p>\n<p><span class=\"text-yellow\">Energ\u00eda El\u00e9ctrica: <\/span><br \/>\nRecepci\u00f3n de pagos de las facturas por suministro de energ\u00eda el\u00e9ctrica.<\/p>\n<p><span class=\"text-yellow\">Cobro de Agua en Proyectos Habitacionales: <\/span><br \/>\nRecepci\u00f3n de pagos de las facturas de servicios de agua de diferentes proyectos habitacionales.<\/p>\n<p><span class=\"text-yellow\">Cobro de Impuestos, Arbitrios y Contribuciones: <\/span><br \/>\nRecepci\u00f3n de pagos de los diversos impuestos de la SAT a trav\u00e9s de formularios BANCASAT y DECLARAGUATE. Recepci\u00f3n de pago de boleto de ornato, IUSI y multas de tr\u00e1nsito de la Municipalidad de Mixco.<\/p>\n<p><span class=\"text-yellow\">Cobro de Colegiaturas: <\/span><br \/>\nRecepci\u00f3n de pagos de colegiaturas de diversos establecimientos educativos.<\/p>\n<p><span class=\"text-yellow\">Telef\u00f3nica: <\/span><br \/>\nRecarga de tiempo de aire para tel\u00e9fonos celulares Movistar en los puntos de servicio.<\/p>\n<p><span class=\"text-yellow\">Planilla de Sueldos: <\/span><br \/>\nAcreditamiento a cuentas monetarias y de ahorros a trabajadores de las empresas que son clientes del banco.<\/p>\n<p>&nbsp;<\/p>\n<h3>Servicios Electr\u00f3nicos<\/h3>\n<p><span class=\"text-yellow\"> Transacciones ACH: <\/span><br \/>\nTransferencias de fondos de cuentas de dep\u00f3sitos constituidas en Vivibanco a cualquier Banco del sistema y viceversa.<br \/>\n&nbsp;<br \/>\n<span class=\"text-yellow\">BANCASAT y DECLARAGUATE: <\/span><br \/>\nPago de impuestos en l\u00ednea.<\/p>\n<p>&nbsp;<\/p>\n<h3 style=\"color:#ffffff !important;\">Recuerde que con <a href=\"\/?page_id=730\"> Banca en L\u00ednea <\/a> puede realizar:<\/h3>\n<ul style=\"list-style-type: disc;\">\n<li>Emisi\u00f3n de Estado de Cuenta<\/li>\n<li>Transferencia a cuentas propias<\/li>\n<li>Pagar la cuota de su cr\u00e9dito con autorizaci\u00f3n de d\u00e9bito autom\u00e1tico<\/li>\n<li>BANCASAT, pago de impuestos<\/li>\n<li>Pago de Planilla<\/li>\n<li>Transferencias ACH<\/li>\n<\/ul>\n","protected":false},"excerpt":{"rendered":"<p>Realice sus pagos en la comodidad de su casa u oficina a trav\u00e9s de Banca en L\u00ednea o en cualquiera de nuestros puntos de servicio: &nbsp; EMPAGUA: Recepci\u00f3n de pago de las facturas por suministro de agua. Energ\u00eda El\u00e9ctrica: Recepci\u00f3n <a href=\"https:\/\/www.vivibanco.com.gt\/?page_id=133\"><\/p>\n<div class=\"read-more\">\n<p>Read more &#8250;<\/p>\n<\/div>\n<p><!-- end of .read-more --><\/a><\/p>\n","protected":false},"author":1,"featured_media":6365,"parent":0,"menu_order":0,"comment_status":"closed","ping_status":"closed","template":"template-2productos.php","meta":{"footnotes":""},"class_list":["post-133","page","type-page","status-publish","has-post-thumbnail","hentry"],"_links":{"self":[{"href":"https:\/\/www.vivibanco.com.gt\/index.php?rest_route=\/wp\/v2\/pages\/133","targetHints":{"allow":["GET"]}}],"collection":[{"href":"https:\/\/www.vivibanco.com.gt\/index.php?rest_route=\/wp\/v2\/pages"}],"about":[{"href":"https:\/\/www.vivibanco.com.gt\/index.php?rest_route=\/wp\/v2\/types\/page"}],"author":[{"embeddable":true,"href":"https:\/\/www.vivibanco.com.gt\/index.php?rest_route=\/wp\/v2\/users\/1"}],"replies":[{"embeddable":true,"href":"https:\/\/www.vivibanco.com.gt\/index.php?rest_route=%2Fwp%2Fv2%2Fcomments&post=133"}],"version-history":[{"count":1,"href":"https:\/\/www.vivibanco.com.gt\/index.php?rest_route=\/wp\/v2\/pages\/133\/revisions"}],"predecessor-version":[{"id":1799,"href":"https:\/\/www.vivibanco.com.gt\/index.php?rest_route=\/wp\/v2\/pages\/133\/revisions\/1799"}],"wp:featuredmedia":[{"embeddable":true,"href":"https:\/\/www.vivibanco.com.gt\/index.php?rest_route=\/wp\/v2\/media\/6365"}],"wp:attachment":[{"href":"https:\/\/www.vivibanco.com.gt\/index.php?rest_route=%2Fwp%2Fv2%2Fmedia&parent=133"}],"curies":[{"name":"wp","href":"https:\/\/api.w.org\/{rel}","templated":true}]}}