{"id":1353,"date":"2015-08-04T15:43:28","date_gmt":"2015-08-04T21:43:28","guid":{"rendered":"\/?page_id=1353"},"modified":"2026-04-22T17:08:09","modified_gmt":"2026-04-22T23:08:09","slug":"consejo-de-administracion-y-equipo-gerencial-confianza","status":"publish","type":"page","link":"https:\/\/www.vivibanco.com.gt\/?page_id=1353","title":{"rendered":"Consejo de Administracion y Equipo Gerencial Confianza"},"content":{"rendered":"\t\t<div data-elementor-type=\"wp-page\" data-elementor-id=\"1353\" class=\"elementor elementor-1353\">\n\t\t\t\t\t\t<section class=\"elementor-section elementor-top-section elementor-element elementor-element-14163f14 elementor-section-boxed elementor-section-height-default elementor-section-height-default\" data-id=\"14163f14\" data-element_type=\"section\">\n\t\t\t\t\t\t<div class=\"elementor-container elementor-column-gap-default\">\n\t\t\t\t\t<div class=\"elementor-column elementor-col-100 elementor-top-column elementor-element elementor-element-6e25e127\" data-id=\"6e25e127\" data-element_type=\"column\">\n\t\t\t<div class=\"elementor-widget-wrap elementor-element-populated\">\n\t\t\t\t\t\t<div class=\"elementor-element elementor-element-6c651a70 elementor-widget elementor-widget-text-editor\" data-id=\"6c651a70\" data-element_type=\"widget\" data-widget_type=\"text-editor.default\">\n\t\t\t\t<div class=\"elementor-widget-container\">\n\t\t\t\t\t\t\t\t\t<h3 class=\"btn btn-warning text-blue\">Consejo de Administraci\u00f3n<\/h3>\n<h3>Presidente<\/h3>\n<span class=\"equipo\" style=\"color: #ffffff;\">Ing. Jorge \u00c1lvaro Montenegro Passarelli<\/span>\n<h3>Vicepresidente<\/h3>\n<span class=\"equipo\" style=\"color: #ffffff;\">Licda. Pen\u00e9lope Margarita Mar\u00eda Mercedes Ruiz Asmar de Jacobs<\/span>\n<h3>Secretaria<\/h3>\n<span class=\"equipo\" style=\"color: #ffffff;\">Ing. Crista Mar\u00eda Montenegro Ruiz de N\u00e1jera<\/span>\n<h3>Director Titular<\/h3>\n<span class=\"equipo\" style=\"color: #ffffff;\">Dr. Pedro Mar\u00eda Lasa Ibarz\u00e1bal<\/span>\n<h3>Director Titular<\/h3>\n<span class=\"equipo\" style=\"color: #ffffff;\">Ing. Oliver Charles Nuyens Stebler<\/span>\n<h3>Director Titular<\/h3>\n<span class=\"equipo\" style=\"color: #ffffff;\">Ing. Daniel Estuardo Villatoro Valladares<\/span>\n\n<a class=\"btn btn-warning pull-right text-blue\" style=\"margin-top: 30px; padding: 10px 15px; color: #283b91 !important;\" href=\"https:\/\/www.vivibanco.com.gt\/wp-content\/uploads\/2026\/organigrama-Confianza-2026a.pdf\" target=\"_blank\" rel=\"noopener\">Ver Organigrama<\/a>\n<br>\n<h3 class=\"btn btn-warning text-blue\">Equipo Gerencial<\/h3>\n<h3>Gerente General<\/h3>\n<span class=\"equipo\" style=\"color: #ffffff;\">Lic. Giovanno Contreras Beteta<\/span>\n<h3>Gerente\u00a0Divisi\u00f3n Administraci\u00f3n de Riesgos<\/h3>\n<span class=\"equipo\" style=\"color: #ffffff;\">Lic. Guillermo Pineda S\u00e1nchez<\/span>\n<h3>Gerente Cumplimiento<\/h3>\n<span class=\"equipo\" style=\"color: #ffffff;\">Lic. H\u00e9ctor P\u00e9rez Chicoj<\/span>\n<h3>Auditor Interno<\/h3>\n<span class=\"equipo\" style=\"color: #ffffff;\">Lic. Efra\u00edn Vel\u00e1squez V\u00e1squez<\/span>\n\n<!-- Modal\n<div id=\"myModal\" class=\"modal fade\" tabindex=\"-1\" role=\"dialog\" aria-labelledby=\"myModalLabel\">\n<div class=\"modal-dialog modal-lg\" role=\"document\">\n<div class=\"modal-content\">\n\t\t\t<img decoding=\"async\" class=\"img-responsive\" src=\"https:\/\/www.vivibanco.com.gt\/wp-content\/uploads\/2026\/organigrama-Confianza-2026.pdf\"\/><\/div>\n<\/div>\n<\/div>\n-->\t\t\t\t\t\t\t\t<\/div>\n\t\t\t\t<\/div>\n\t\t\t\t\t<\/div>\n\t\t<\/div>\n\t\t\t\t\t<\/div>\n\t\t<\/section>\n\t\t\t\t<\/div>\n\t\t","protected":false},"excerpt":{"rendered":"<p>Consejo de Administraci\u00f3n Presidente Ing. Jorge \u00c1lvaro Montenegro Passarelli Vicepresidente Licda. Pen\u00e9lope Margarita Mar\u00eda Mercedes Ruiz Asmar de Jacobs Secretaria Ing. Crista Mar\u00eda Montenegro Ruiz de N\u00e1jera Director Titular Dr. Pedro Mar\u00eda Lasa Ibarz\u00e1bal Director Titular Ing. Oliver Charles Nuyens <a href=\"https:\/\/www.vivibanco.com.gt\/?page_id=1353\"><\/p>\n<div class=\"read-more\">\n<p>Read more &#8250;<\/p>\n<\/div>\n<p><!-- end of .read-more --><\/a><\/p>\n","protected":false},"author":1,"featured_media":7389,"parent":0,"menu_order":0,"comment_status":"closed","ping_status":"closed","template":"template-7confianza.php","meta":{"footnotes":""},"class_list":["post-1353","page","type-page","status-publish","has-post-thumbnail","hentry"],"_links":{"self":[{"href":"https:\/\/www.vivibanco.com.gt\/index.php?rest_route=\/wp\/v2\/pages\/1353","targetHints":{"allow":["GET"]}}],"collection":[{"href":"https:\/\/www.vivibanco.com.gt\/index.php?rest_route=\/wp\/v2\/pages"}],"about":[{"href":"https:\/\/www.vivibanco.com.gt\/index.php?rest_route=\/wp\/v2\/types\/page"}],"author":[{"embeddable":true,"href":"https:\/\/www.vivibanco.com.gt\/index.php?rest_route=\/wp\/v2\/users\/1"}],"replies":[{"embeddable":true,"href":"https:\/\/www.vivibanco.com.gt\/index.php?rest_route=%2Fwp%2Fv2%2Fcomments&post=1353"}],"version-history":[{"count":1,"href":"https:\/\/www.vivibanco.com.gt\/index.php?rest_route=\/wp\/v2\/pages\/1353\/revisions"}],"predecessor-version":[{"id":7585,"href":"https:\/\/www.vivibanco.com.gt\/index.php?rest_route=\/wp\/v2\/pages\/1353\/revisions\/7585"}],"wp:featuredmedia":[{"embeddable":true,"href":"https:\/\/www.vivibanco.com.gt\/index.php?rest_route=\/wp\/v2\/media\/7389"}],"wp:attachment":[{"href":"https:\/\/www.vivibanco.com.gt\/index.php?rest_route=%2Fwp%2Fv2%2Fmedia&parent=1353"}],"curies":[{"name":"wp","href":"https:\/\/api.w.org\/{rel}","templated":true}]}}