{"id":1707,"date":"2015-10-28T23:09:14","date_gmt":"2015-10-28T23:09:14","guid":{"rendered":"http:\/\/192.168.2.68\/?page_id=1707"},"modified":"2025-07-11T10:04:25","modified_gmt":"2025-07-11T16:04:25","slug":"cuenta-exclusiva-cheques","status":"publish","type":"page","link":"https:\/\/www.vivibanco.com.gt\/?page_id=1707","title":{"rendered":"Cuenta Exclusiva Cheques"},"content":{"rendered":"\t\t<div data-elementor-type=\"wp-page\" data-elementor-id=\"1707\" class=\"elementor elementor-1707\">\n\t\t\t\t\t\t<section class=\"elementor-section elementor-top-section elementor-element elementor-element-57a3676 elementor-section-boxed elementor-section-height-default elementor-section-height-default\" data-id=\"57a3676\" data-element_type=\"section\">\n\t\t\t\t\t\t<div class=\"elementor-container elementor-column-gap-default\">\n\t\t\t\t\t<div class=\"elementor-column elementor-col-100 elementor-top-column elementor-element elementor-element-bba3428\" data-id=\"bba3428\" data-element_type=\"column\">\n\t\t\t<div class=\"elementor-widget-wrap elementor-element-populated\">\n\t\t\t\t\t\t<div class=\"elementor-element elementor-element-7d211340 elementor-widget elementor-widget-text-editor\" data-id=\"7d211340\" data-element_type=\"widget\" data-widget_type=\"text-editor.default\">\n\t\t\t\t<div class=\"elementor-widget-container\">\n\t\t\t\t\t\t\t\t\t<div class=\"row\"><div class=\"col-sm-12\"><span style=\"color: #ffffff;\">Cuenta de cheques que le permite tener acceso a sus fondos de manera inmediata y que devenga hasta 3% de inter\u00e9s sobre saldos diarios.<\/span><\/div><\/div><h3>Beneficios<\/h3><div class=\"row\"><div class=\"col-md-12\"><p><span style=\"color: #ffffff;\">Tasa de Inter\u00e9s calculada sobre saldo diario con capitalizaci\u00f3n mensual<\/span><\/p><h3>\u00a0<\/h3><table class=\"tabla_vivibanco\"><tbody><tr><td style=\"text-align: right;\">\u00a0<\/td><td style=\"text-align: left;\"><span style=\"color: #ffffff;\">DE<\/span><\/td><td style=\"text-align: right;\">\u00a0<\/td><td style=\"text-align: left;\"><span style=\"color: #ffffff;\">A<\/span><\/td><td style=\"text-align: center;\"><span style=\"color: #ffffff;\">Tasa Nominal<\/span><\/td><\/tr><tr><td style=\"text-align: center;\"><span style=\"color: #ffffff;\">Q<\/span><\/td><td style=\"text-align: right;\"><span style=\"color: #ffffff;\">5,000.00<\/span><\/td><td style=\"text-align: center;\"><span style=\"color: #ffffff;\">Q<\/span><\/td><td style=\"text-align: right;\"><span style=\"color: #ffffff;\">10,000.00<\/span><\/td><td style=\"text-align: center;\"><span style=\"color: #ffffff;\">0.50%<\/span><\/td><\/tr><tr><td style=\"text-align: center;\"><span style=\"color: #ffffff;\">Q<\/span><\/td><td style=\"text-align: right;\"><span style=\"color: #ffffff;\">10,001.00<\/span><\/td><td style=\"text-align: center;\"><span style=\"color: #ffffff;\">Q<\/span><\/td><td style=\"text-align: right;\"><span style=\"color: #ffffff;\">20,000.00<\/span><\/td><td style=\"text-align: center;\"><span style=\"color: #ffffff;\">0.60%<\/span><\/td><\/tr><tr><td style=\"text-align: center;\"><span style=\"color: #ffffff;\">Q<\/span><\/td><td style=\"text-align: right;\"><span style=\"color: #ffffff;\">20,001.00<\/span><\/td><td style=\"text-align: center;\"><span style=\"color: #ffffff;\">Q<\/span><\/td><td style=\"text-align: right;\"><span style=\"color: #ffffff;\">30,000.00<\/span><\/td><td style=\"text-align: center;\"><span style=\"color: #ffffff;\">0.60%<\/span><\/td><\/tr><tr><td style=\"text-align: center;\"><span style=\"color: #ffffff;\">Q<\/span><\/td><td style=\"text-align: right;\"><span style=\"color: #ffffff;\">30,001.00<\/span><\/td><td style=\"text-align: center;\"><span style=\"color: #ffffff;\">Q<\/span><\/td><td style=\"text-align: right;\"><span style=\"color: #ffffff;\">40,000.00<\/span><\/td><td style=\"text-align: center;\"><span style=\"color: #ffffff;\">0.75%<\/span><\/td><\/tr><tr><td style=\"text-align: center;\"><span style=\"color: #ffffff;\">Q<\/span><\/td><td style=\"text-align: right;\"><span style=\"color: #ffffff;\">40,001.00<\/span><\/td><td style=\"text-align: center;\"><span style=\"color: #ffffff;\">Q<\/span><\/td><td style=\"text-align: right;\"><span style=\"color: #ffffff;\">50,000.00<\/span><\/td><td style=\"text-align: center;\"><span style=\"color: #ffffff;\">1.00%<\/span><\/td><\/tr><tr><td style=\"text-align: center;\"><span style=\"color: #ffffff;\">Q<\/span><\/td><td style=\"text-align: right;\"><span style=\"color: #ffffff;\">50,000.00<\/span><\/td><td style=\"text-align: center;\"><span style=\"color: #ffffff;\">Q<\/span><\/td><td style=\"text-align: right;\"><span style=\"color: #ffffff;\">100,000.00<\/span><\/td><td style=\"text-align: center;\"><span style=\"color: #ffffff;\">1.50%<\/span><\/td><\/tr><tr><td style=\"text-align: center;\"><span style=\"color: #ffffff;\">Q<\/span><\/td><td style=\"text-align: right;\"><span style=\"color: #ffffff;\">100,001.00<\/span><\/td><td style=\"text-align: center;\"><span style=\"color: #ffffff;\">Q<\/span><\/td><td style=\"text-align: right;\"><span style=\"color: #ffffff;\">200,000.00<\/span><\/td><td style=\"text-align: center;\"><span style=\"color: #ffffff;\">2.00%<\/span><\/td><\/tr><tr><td style=\"text-align: center;\"><span style=\"color: #ffffff;\">Q<\/span><\/td><td style=\"text-align: right;\"><span style=\"color: #ffffff;\">200,001.00<\/span><\/td><td style=\"text-align: center;\"><span style=\"color: #ffffff;\">Q<\/span><\/td><td style=\"text-align: right;\"><span style=\"color: #ffffff;\">300,000.00<\/span><\/td><td style=\"text-align: center;\"><span style=\"color: #ffffff;\">2.50%<\/span><\/td><\/tr><tr><td style=\"text-align: center;\"><span style=\"color: #ffffff;\">Q<\/span><\/td><td style=\"text-align: right;\"><span style=\"color: #ffffff;\">300,001.00<\/span><\/td><td style=\"text-align: center;\"><span style=\"color: #ffffff;\">Q<\/span><\/td><td style=\"text-align: right;\"><span style=\"color: #ffffff;\">400,000.00<\/span><\/td><td style=\"text-align: center;\"><span style=\"color: #ffffff;\">2.75%<\/span><\/td><\/tr><tr><td style=\"text-align: center;\"><span style=\"color: #ffffff;\">Q<\/span><\/td><td style=\"text-align: right;\"><span style=\"color: #ffffff;\">400,001.00<\/span><\/td><td style=\"text-align: center;\">\u00a0<\/td><td style=\"text-align: right; font-size: 12px !important;\"><span style=\"color: #ffffff;\">EN ADELANTE<\/span><\/td><td style=\"text-align: center;\"><span style=\"color: #ffffff;\">3.00%<\/span><\/td><\/tr><\/tbody><\/table><h3>\u00a0<\/h3><ul style=\"list-style-type: disc;\"><li><span style=\"color: #ffffff;\">L\u00ednea de Cr\u00e9dito Pre autorizado mediante la concesi\u00f3n de un cr\u00e9dito fiduciario (ver condiciones)<\/span><\/li><li><span style=\"color: #ffffff;\">Seguro de Vida gratis por el saldo del cr\u00e9dito hasta por un monto m\u00e1ximo de Q400,000.00 a favor del deudor<\/span><\/li><li><span style=\"color: #ffffff;\">Tipo de cambio preferencial<\/span><\/li><li><span style=\"color: #ffffff;\">Chequeras sin costo<\/span><\/li><li><span style=\"color: #ffffff;\">Banca en L\u00ednea, con sistema de seguridad de cheques emitidos, con pre autorizaci\u00f3n remota<\/span><\/li><li><span style=\"color: #ffffff;\">Tarjeta de d\u00e9bito<\/span><\/li><\/ul><\/div><\/div><h3>Caracter\u00edsticas<\/h3><div class=\"row\"><div class=\"col-md-12\"><ul style=\"list-style-type: disc;\"><li><span style=\"color: #ffffff;\">Cuenta Personal<\/span><\/li><li><span style=\"color: #ffffff;\">Monto de apertura Q 2,000.00<\/span><\/li><li><span style=\"color: #ffffff;\">Devenga intereses sobre saldos diarios con capitalizaci\u00f3n mensual con monto m\u00ednimo de Q 5,000.00<\/span><\/li><\/ul><\/div><\/div><p>\u00a0<\/p><h3>Condiciones para el cr\u00e9dito pre autorizado<\/h3><div class=\"row\"><div class=\"col-md-12\"><ul style=\"list-style-type: disc;\"><li><span style=\"color: #ffffff;\">El cliente deber\u00e1 llenar los requisitos establecidos en la normativa aplicable<\/span><\/li><li><span style=\"color: #ffffff;\">La \u201cCuenta Exclusiva cheques\u201d deber\u00e1 tener un m\u00ednimo de 3 meses de antig\u00fcedad<\/span><\/li><li><span style=\"color: #ffffff;\">La forma de pago de las cuotas mensuales del cr\u00e9dito ser\u00e1 a trav\u00e9s de d\u00e9bito en cuenta<\/span><\/li><\/ul><\/div><\/div><p>\u00a0<\/p><h3>Requisitos<\/h3><div><ul class=\"nav nav-tabs\"><li><a href=\"#persona\" data-toggle=\"tab\">Persona Individual<i class=\"fa fa-file-text-o\"><\/i><\/a><\/li><\/ul><div class=\"tab-content\"><div id=\"persona\" class=\"tab-pane fade\"><ul style=\"list-style-type: disc;\"><li>Dep\u00f3sito inicial de Q 5,000.00<\/li><li>Contrato de Apertura <a href=\"\/wp-content\/uploads\/download-manager-files\/ContratodeApertura.doc\">Descargar aqu\u00ed<\/a><\/li><li>Formulario de inicio de relaciones <a href=\"\/wp-content\/uploads\/download-manager-files\/IVE-IR-Individual.xls\">Descargar aqu\u00ed<\/a> y anexos autorizados por la IVE<a href=\"\/wp-content\/uploads\/download-manager-files\/ProductosYServicios.xls\">Descargar aqu\u00ed<\/a><\/li><li>Presentar original del DPI del o los solicitantes y fotocopia del documento presentado (ambos lados)<\/li><li>Si es (son) extranjero (s) fotocopia del pasaporte y acreditaci\u00f3n migratoria<\/li><li>Para ciudadanos y personas residentes en los Estados Unidos de Norte Am\u00e9rica, deber\u00e1n presentar carn\u00e9 Social Security, Identification Number \u201cTIN\u201d (N\u00famero de Identificaci\u00f3n de Contribuyente) y Formulario FATCA <a href=\"\/wp-content\/uploads\/download-manager-files\/CUESTIONARIOFATCA.doc\">Descargar aqu\u00ed<\/a><\/li><li>Fotocopia de un recibo, ya sea de agua, luz o tel\u00e9fono u otro servicio similar, que registre la direcci\u00f3n de la residencia reportada por el (o los) solicitante (s)<\/li><li>Si posee negocio propio, presentar fotocopia de patente de comercio y carn\u00e9 de la SAT y RTU actualizado (antig\u00fcedad m\u00ednima 1 a\u00f1o)<\/li><li>Si se designan beneficiarios, deber\u00e1n indicar nombres y apellidos completos, direcci\u00f3n de residencia y dem\u00e1s informaci\u00f3n que requieran las leyes aplicables<\/li><\/ul><p>\u00a0<\/p><\/div><\/div><\/div><h3 style=\"color: #ffffff !important;\">Recuerde que con <span style=\"color: #ffcc00;\"><a style=\"color: #ffcc00;\" href=\"\/?page_id=730\"> Banca en L\u00ednea <\/a> <\/span>puede realizar:<\/h3><ul style=\"list-style-type: disc;\"><li><span style=\"color: #ffffff;\">Emisi\u00f3n de Estado de Cuenta<\/span><\/li><li><span style=\"color: #ffffff;\">Transferencia a cuentas propias<\/span><\/li><li><span style=\"color: #ffffff;\">Pagar la cuota de su cr\u00e9dito con autorizaci\u00f3n de d\u00e9bito autom\u00e1tico<\/span><\/li><li><span style=\"color: #ffffff;\">BANCASAT, pago de impuestos<\/span><\/li><li><span style=\"color: #ffffff;\">Pago de Planilla<\/span><\/li><li><span style=\"color: #ffffff;\">Transferencias ACH<\/span><\/li><\/ul>\t\t\t\t\t\t\t\t<\/div>\n\t\t\t\t<\/div>\n\t\t\t\t\t<\/div>\n\t\t<\/div>\n\t\t\t\t\t<\/div>\n\t\t<\/section>\n\t\t\t\t<\/div>\n\t\t","protected":false},"excerpt":{"rendered":"<p>Cuenta de cheques que le permite tener acceso a sus fondos de manera inmediata y que devenga hasta 3% de inter\u00e9s sobre saldos diarios. Beneficios Tasa de Inter\u00e9s calculada sobre saldo diario con capitalizaci\u00f3n mensual \u00a0 \u00a0 DE \u00a0 A <a href=\"https:\/\/www.vivibanco.com.gt\/?page_id=1707\"><\/p>\n<div class=\"read-more\">\n<p>Read more &#8250;<\/p>\n<\/div>\n<p><!-- end of .read-more --><\/a><\/p>\n","protected":false},"author":1,"featured_media":6298,"parent":0,"menu_order":0,"comment_status":"closed","ping_status":"closed","template":"template-2productos.php","meta":{"footnotes":""},"class_list":["post-1707","page","type-page","status-publish","has-post-thumbnail","hentry"],"_links":{"self":[{"href":"https:\/\/www.vivibanco.com.gt\/index.php?rest_route=\/wp\/v2\/pages\/1707","targetHints":{"allow":["GET"]}}],"collection":[{"href":"https:\/\/www.vivibanco.com.gt\/index.php?rest_route=\/wp\/v2\/pages"}],"about":[{"href":"https:\/\/www.vivibanco.com.gt\/index.php?rest_route=\/wp\/v2\/types\/page"}],"author":[{"embeddable":true,"href":"https:\/\/www.vivibanco.com.gt\/index.php?rest_route=\/wp\/v2\/users\/1"}],"replies":[{"embeddable":true,"href":"https:\/\/www.vivibanco.com.gt\/index.php?rest_route=%2Fwp%2Fv2%2Fcomments&post=1707"}],"version-history":[{"count":1,"href":"https:\/\/www.vivibanco.com.gt\/index.php?rest_route=\/wp\/v2\/pages\/1707\/revisions"}],"predecessor-version":[{"id":6420,"href":"https:\/\/www.vivibanco.com.gt\/index.php?rest_route=\/wp\/v2\/pages\/1707\/revisions\/6420"}],"wp:featuredmedia":[{"embeddable":true,"href":"https:\/\/www.vivibanco.com.gt\/index.php?rest_route=\/wp\/v2\/media\/6298"}],"wp:attachment":[{"href":"https:\/\/www.vivibanco.com.gt\/index.php?rest_route=%2Fwp%2Fv2%2Fmedia&parent=1707"}],"curies":[{"name":"wp","href":"https:\/\/api.w.org\/{rel}","templated":true}]}}