{"id":1719,"date":"2015-11-04T00:03:25","date_gmt":"2015-11-04T06:03:25","guid":{"rendered":"http:\/\/192.168.2.68\/?page_id=1719"},"modified":"2023-05-16T09:20:19","modified_gmt":"2023-05-16T15:20:19","slug":"mision-2","status":"publish","type":"page","link":"https:\/\/www.vivibanco.com.gt\/?page_id=1719","title":{"rendered":"Misi\u00f3n y Visi\u00f3n Vivibanco"},"content":{"rendered":"<h3>Misi\u00f3n<\/h3>\n<p>Somos un banco administrado con excelencia, orientado a la concesi\u00f3n de cr\u00e9ditos de vivienda, productivos y de consumo, y a la oferta de productos y servicios que promuevan el ahorro y la inversi\u00f3n, generando valor a sus clientes, colaboradores, accionistas y a la comunidad.<\/p>\n<h3>Visi\u00f3n<\/h3>\n<p>Ser reconocidos como un banco importante para el pa\u00eds por su proactividad y creatividad en la oferta de productos y servicios financieros modernos a los guatemaltecos, consolidando su especializaci\u00f3n en cr\u00e9ditos de vivienda, complementada con las nuevas l\u00edneas de cr\u00e9ditos de consumo y productivos, procurando permanentemente una amplia cobertura y atenci\u00f3n personalizada.<\/p>\n","protected":false},"excerpt":{"rendered":"<p>Misi\u00f3n Somos un banco administrado con excelencia, orientado a la concesi\u00f3n de cr\u00e9ditos de vivienda, productivos y de consumo, y a la oferta de productos y servicios que promuevan el ahorro y la inversi\u00f3n, generando valor a sus clientes, colaboradores, <a href=\"https:\/\/www.vivibanco.com.gt\/?page_id=1719\"><\/p>\n<div class=\"read-more\">\n<p>Read more &#8250;<\/p>\n<\/div>\n<p><!-- end of .read-more --><\/a><\/p>\n","protected":false},"author":1,"featured_media":6352,"parent":0,"menu_order":0,"comment_status":"closed","ping_status":"closed","template":"template-1acerca.php","meta":{"footnotes":""},"class_list":["post-1719","page","type-page","status-publish","has-post-thumbnail","hentry"],"_links":{"self":[{"href":"https:\/\/www.vivibanco.com.gt\/index.php?rest_route=\/wp\/v2\/pages\/1719","targetHints":{"allow":["GET"]}}],"collection":[{"href":"https:\/\/www.vivibanco.com.gt\/index.php?rest_route=\/wp\/v2\/pages"}],"about":[{"href":"https:\/\/www.vivibanco.com.gt\/index.php?rest_route=\/wp\/v2\/types\/page"}],"author":[{"embeddable":true,"href":"https:\/\/www.vivibanco.com.gt\/index.php?rest_route=\/wp\/v2\/users\/1"}],"replies":[{"embeddable":true,"href":"https:\/\/www.vivibanco.com.gt\/index.php?rest_route=%2Fwp%2Fv2%2Fcomments&post=1719"}],"version-history":[{"count":1,"href":"https:\/\/www.vivibanco.com.gt\/index.php?rest_route=\/wp\/v2\/pages\/1719\/revisions"}],"predecessor-version":[{"id":6378,"href":"https:\/\/www.vivibanco.com.gt\/index.php?rest_route=\/wp\/v2\/pages\/1719\/revisions\/6378"}],"wp:featuredmedia":[{"embeddable":true,"href":"https:\/\/www.vivibanco.com.gt\/index.php?rest_route=\/wp\/v2\/media\/6352"}],"wp:attachment":[{"href":"https:\/\/www.vivibanco.com.gt\/index.php?rest_route=%2Fwp%2Fv2%2Fmedia&parent=1719"}],"curies":[{"name":"wp","href":"https:\/\/api.w.org\/{rel}","templated":true}]}}