{"id":352,"date":"2015-03-23T21:58:44","date_gmt":"2015-03-23T21:58:44","guid":{"rendered":"\/?page_id=352"},"modified":"2024-10-08T11:51:46","modified_gmt":"2024-10-08T17:51:46","slug":"propiedades-en-venta","status":"publish","type":"page","link":"https:\/\/www.vivibanco.com.gt\/?page_id=352","title":{"rendered":"Inmuebles en Venta"},"content":{"rendered":"\t\t<div data-elementor-type=\"wp-page\" data-elementor-id=\"352\" class=\"elementor elementor-352\">\n\t\t\t\t\t\t<section class=\"elementor-section elementor-top-section elementor-element elementor-element-4e4078c8 elementor-section-boxed elementor-section-height-default elementor-section-height-default\" data-id=\"4e4078c8\" data-element_type=\"section\">\n\t\t\t\t\t\t<div class=\"elementor-container elementor-column-gap-default\">\n\t\t\t\t\t<div class=\"elementor-column elementor-col-100 elementor-top-column elementor-element elementor-element-4c94e76f\" data-id=\"4c94e76f\" data-element_type=\"column\">\n\t\t\t<div class=\"elementor-widget-wrap elementor-element-populated\">\n\t\t\t\t\t\t<div class=\"elementor-element elementor-element-23252532 elementor-widget elementor-widget-text-editor\" data-id=\"23252532\" data-element_type=\"widget\" data-widget_type=\"text-editor.default\">\n\t\t\t\t<div class=\"elementor-widget-container\">\n\t\t\t\t\t\t\t\t\t<div class=\"row\">\n<div class=\"col-lg-12\">\n<div class=\"\">\n<div class=\"col-sm-6\">\n<h3>Caracter\u00edsticas<\/h3>\n<ul style=\"list-style-type: disc;\">\n \t<li>Enganche m\u00ednimo del 5%<\/li>\n \t<li>Tasa de inter\u00e9s competitiva<\/li>\n \t<li>Plazo de hasta 25 a\u00f1os<\/li>\n \t<li>Cuotas c\u00f3modas ajustadas a su presupuesto<\/li>\n \t<li>Precalificaci\u00f3n en 24 horas<\/li>\n \t<li>Precios de venta por debajo del mercado<\/li>\n<\/ul>\n<h3>M\u00e1s Informaci\u00f3n<\/h3>\nPuedes contactarnos al correo hmarroquin@vivibanco.com.gt o al n\u00famero telef\u00f3nico 25060606 ext. 1214\n\n<\/div>\n<div class=\"col-sm-6\">\n<div class=\"bg-blue\" style=\"padding: 5px 15px;\"><div class='w3eden'><!-- WPDM Link Template: Default Template -->\n\n<div class=\"link-template-default card mb-2\">\n    <div class=\"card-body\">\n        <div class=\"media\">\n            <div class=\"mr-3 img-48\"><img decoding=\"async\" class=\"wpdm_icon\" alt=\"Icono\" src=\"http:\/\/www.vivibanco.com.gt\/wp-content\/plugins\/download-manager\/assets\/file-type-icons\/pdf.svg\" \/><\/div>\n            <div class=\"media-body\">\n                <h3 class=\"package-title\"><a href='https:\/\/www.vivibanco.com.gt\/?wpdmpro=casas-en-venta'>Casas en Venta<\/a><\/h3>\n                <div class=\"text-muted text-small\"><i class=\"fas fa-copy\"><\/i> 1 archivo(s) <i class=\"fas fa-hdd ml-3\"><\/i> 13.60 KB<\/div>\n            <\/div>\n            <div class=\"ml-3\">\n                <a class='wpdm-download-link download-on-click btn btn-primary ' rel='nofollow' href='#' data-downloadurl=\"https:\/\/www.vivibanco.com.gt\/?wpdmpro=casas-en-venta&#038;wpdmdl=6698&#038;refresh=69feb21a77fbb1778299418\">Descargar<\/a>\n            <\/div>\n        <\/div>\n    <\/div>\n<\/div>\n\n<\/div><\/div>\n<div class=\"bg-blue\" style=\"padding: 5px 15px;\"><div class='w3eden'><!-- WPDM Link Template: Default Template -->\n\n<div class=\"link-template-default card mb-2\">\n    <div class=\"card-body\">\n        <div class=\"media\">\n            <div class=\"mr-3 img-48\"><img decoding=\"async\" class=\"wpdm_icon\" alt=\"Icono\" src=\"http:\/\/www.vivibanco.com.gt\/wp-content\/plugins\/download-manager\/assets\/file-type-icons\/pdf.svg\" \/><\/div>\n            <div class=\"media-body\">\n                <h3 class=\"package-title\"><a href='https:\/\/www.vivibanco.com.gt\/?wpdmpro=terrenos-en-venta-2'>Terrenos en Venta<\/a><\/h3>\n                <div class=\"text-muted text-small\"><i class=\"fas fa-copy\"><\/i> 1 archivo(s) <i class=\"fas fa-hdd ml-3\"><\/i> 7.84 KB<\/div>\n            <\/div>\n            <div class=\"ml-3\">\n                <a class='wpdm-download-link download-on-click btn btn-primary ' rel='nofollow' href='#' data-downloadurl=\"https:\/\/www.vivibanco.com.gt\/?wpdmpro=terrenos-en-venta-2&#038;wpdmdl=6699&#038;refresh=69feb21a799391778299418\">Descargar<\/a>\n            <\/div>\n        <\/div>\n    <\/div>\n<\/div>\n\n<\/div><\/div>\n<\/div>\n<\/div>\n<\/div>\n<\/div>\t\t\t\t\t\t\t\t<\/div>\n\t\t\t\t<\/div>\n\t\t\t\t\t<\/div>\n\t\t<\/div>\n\t\t\t\t\t<\/div>\n\t\t<\/section>\n\t\t\t\t<\/div>\n\t\t","protected":false},"excerpt":{"rendered":"<p>Caracter\u00edsticas Enganche m\u00ednimo del 5% Tasa de inter\u00e9s competitiva Plazo de hasta 25 a\u00f1os Cuotas c\u00f3modas ajustadas a su presupuesto Precalificaci\u00f3n en 24 horas Precios de venta por debajo del mercado M\u00e1s Informaci\u00f3n Puedes contactarnos al correo hmarroquin@vivibanco.com.gt o al <a href=\"https:\/\/www.vivibanco.com.gt\/?page_id=352\"><\/p>\n<div class=\"read-more\">\n<p>Read more &#8250;<\/p>\n<\/div>\n<p><!-- end of .read-more --><\/a><\/p>\n","protected":false},"author":1,"featured_media":2284,"parent":0,"menu_order":0,"comment_status":"closed","ping_status":"closed","template":"template-3default.php","meta":{"footnotes":""},"class_list":["post-352","page","type-page","status-publish","has-post-thumbnail","hentry"],"_links":{"self":[{"href":"https:\/\/www.vivibanco.com.gt\/index.php?rest_route=\/wp\/v2\/pages\/352","targetHints":{"allow":["GET"]}}],"collection":[{"href":"https:\/\/www.vivibanco.com.gt\/index.php?rest_route=\/wp\/v2\/pages"}],"about":[{"href":"https:\/\/www.vivibanco.com.gt\/index.php?rest_route=\/wp\/v2\/types\/page"}],"author":[{"embeddable":true,"href":"https:\/\/www.vivibanco.com.gt\/index.php?rest_route=\/wp\/v2\/users\/1"}],"replies":[{"embeddable":true,"href":"https:\/\/www.vivibanco.com.gt\/index.php?rest_route=%2Fwp%2Fv2%2Fcomments&post=352"}],"version-history":[{"count":1,"href":"https:\/\/www.vivibanco.com.gt\/index.php?rest_route=\/wp\/v2\/pages\/352\/revisions"}],"predecessor-version":[{"id":6704,"href":"https:\/\/www.vivibanco.com.gt\/index.php?rest_route=\/wp\/v2\/pages\/352\/revisions\/6704"}],"wp:featuredmedia":[{"embeddable":true,"href":"https:\/\/www.vivibanco.com.gt\/index.php?rest_route=\/wp\/v2\/media\/2284"}],"wp:attachment":[{"href":"https:\/\/www.vivibanco.com.gt\/index.php?rest_route=%2Fwp%2Fv2%2Fmedia&parent=352"}],"curies":[{"name":"wp","href":"https:\/\/api.w.org\/{rel}","templated":true}]}}