{"id":45,"date":"2015-03-10T16:48:37","date_gmt":"2015-03-10T16:48:37","guid":{"rendered":"\/?page_id=45"},"modified":"2023-05-15T13:19:15","modified_gmt":"2023-05-15T19:19:15","slug":"cuenta-de-ahorro","status":"publish","type":"page","link":"https:\/\/www.vivibanco.com.gt\/?page_id=45","title":{"rendered":"Cuenta Ahorro"},"content":{"rendered":"\t\t<div data-elementor-type=\"wp-page\" data-elementor-id=\"45\" class=\"elementor elementor-45\">\n\t\t\t\t\t\t<section class=\"elementor-section elementor-top-section elementor-element elementor-element-5190b1a7 elementor-section-boxed elementor-section-height-default elementor-section-height-default\" data-id=\"5190b1a7\" data-element_type=\"section\">\n\t\t\t\t\t\t<div class=\"elementor-container elementor-column-gap-default\">\n\t\t\t\t\t<div class=\"elementor-column elementor-col-100 elementor-top-column elementor-element elementor-element-5b0c2502\" data-id=\"5b0c2502\" data-element_type=\"column\">\n\t\t\t<div class=\"elementor-widget-wrap elementor-element-populated\">\n\t\t\t\t\t\t<div class=\"elementor-element elementor-element-44cf7e3a elementor-widget elementor-widget-text-editor\" data-id=\"44cf7e3a\" data-element_type=\"widget\" data-widget_type=\"text-editor.default\">\n\t\t\t\t<div class=\"elementor-widget-container\">\n\t\t\t\t\t\t\t\t\t<div class=\"row\"><div class=\"col-sm-12\"><span style=\"color: #ffffff;\">Es la cuenta con la que puede generar m\u00e1s intereses diariamente por sus ahorros y tiene la disponibilidad inmediata de los fondos.<\/span><\/div><\/div><h3>Beneficios<\/h3><ul style=\"list-style-type: disc;\"><li><span style=\"color: #ffffff;\">Acceso gratuito a informaci\u00f3n detallada de su cuenta a trav\u00e9s de nuestro servicio de Banca en L\u00ednea (previa afiliaci\u00f3n) de forma segura, ingresando a: <a style=\"color: #ffffff;\" href=\"\/ebanca\/index.html\">Banca en L\u00ednea<\/a><\/span><\/li><li><span style=\"color: #ffffff;\">Seguridad en sus ahorros, respaldado por el Fondo para Protecci\u00f3n del Ahorro FOPA, hasta Q20,000.00<\/span><\/li><li><span style=\"color: #ffffff;\">Puntos de servicio con horarios convenientes<\/span><\/li><li><span style=\"color: #ffffff;\">Puede realizar retiros ilimitados<\/span><\/li><li><span style=\"color: #ffffff;\">Realizar dep\u00f3sitos de ahorro sin presentar libreta<\/span><\/li><li><span style=\"color: #ffffff;\">Sin cargos por manejo de cuenta<\/span><\/li><li><span style=\"color: #ffffff;\">Tarjeta de d\u00e9bito<br \/><\/span><\/li><\/ul><h3>Caracter\u00edsticas<\/h3><ul style=\"list-style-type: disc;\"><li><span style=\"color: #ffffff;\">Disponible en Quetzales<\/span><\/li><li><span style=\"color: #ffffff;\">Monto de apertura Q100.00 persona individual o empresas<\/span><\/li><li><span style=\"color: #ffffff;\">C\u00e1lculo de intereses sobre saldos diarios con capitalizaci\u00f3n mensual<\/span><\/li><li><span style=\"color: #ffffff;\">Genera intereses a partir de Q100.00<\/span><\/li><\/ul><h3>Requisitos<\/h3><div><ul class=\"nav nav-tabs\"><li><a href=\"#persona\" data-toggle=\"tab\">Persona Individual <i class=\"fa fa-arrow-circle-o-right\"><\/i><\/a><\/li><li><a href=\"#empresa\" data-toggle=\"tab\">Empresas <i class=\"fa fa-arrow-circle-o-right\"><\/i><\/a><\/li><\/ul><div class=\"tab-content\"><div id=\"persona\" class=\"tab-pane fade\"><ul style=\"list-style-type: disc;\"><li>Contrato de Apertura. <a href=\"\/wp-content\/uploads\/download-manager-files\/ContratodeApertura.doc\">Descargar aqu\u00ed<\/a><\/li><li>Formulario de inicio de relaciones <a href=\"\/wp-content\/uploads\/download-manager-files\/IVE-IR-Individual.xls\">Descargar aqu\u00ed<\/a> y anexos autorizados por la IVE.<a href=\"\/wp-content\/uploads\/download-manager-files\/ProductosYServicios.xls\">Descargar aqu\u00ed<\/a><\/li><li>Presentar DPI Original y fotocopia del solicitante (ambos lados)<\/li><li>Si es (son) extranjero (s) fotocopia del pasaporte y acreditaci\u00f3n migratoria<\/li><li>Para ciudadanos y personas residentes en los Estados Unidos de Norte Am\u00e9rica, deber\u00e1n presentar carn\u00e9 Social Security, Identification Number \u201cTIN\u201d (N\u00famero de Identificaci\u00f3n de Contribuyente) y Formulario FATCA <a href=\"\/wp-content\/uploads\/download-manager-files\/CUESTIONARIOFATCA.doc\">Descargar aqu\u00ed<\/a><\/li><li>Fotocopia de recibo de agua, luz, tel\u00e9fono o servicio similar que registre la direcci\u00f3n de la residencia reportada por el (o los) solicitante (s)<\/li><li>Si posee negocio propio, presentar fotocopia de patente de comercio y carn\u00e9 de la SAT o RTU<\/li><li>Si se designan beneficiarios, deber\u00e1n indicar nombres y apellido completos, direcci\u00f3n de residencia e informaci\u00f3n adicional que requieran las leyes aplicables<\/li><\/ul><\/div><div id=\"empresa\" class=\"tab-pane fade\"><ul style=\"list-style-type: disc;\"><li>Contrato de Apertura. <a href=\"&quot;\/wp-content\/uploads\/download-manager-files\/ContratodeApertura.doc\">Descargar aqu\u00ed<\/a><\/li><li>Formulario de inicio de relaciones <a href=\"\/wp-content\/uploads\/download-manager-files\/IVE-IR-02.xls\">Descargar aqu\u00ed<\/a> y anexos autorizados por la IVE.<a href=\"\/wp-content\/uploads\/download-manager-files\/ProductosYServicios.xls\">Descargar aqu\u00ed<\/a><\/li><li>Fotocopia de patente de sociedad y comercio<\/li><li>Fotocopia de Nombramiento del Representante Legal<\/li><li>Fotocopia del primer testimonio de la escritura p\u00fablica de constituci\u00f3n de sociedad<\/li><li>Presentar DPI Original y fotocopia del solicitante (ambos lados)<\/li><li>Fotocopia de recibo de agua, luz, tel\u00e9fono o servicio similar que registre la direcci\u00f3n de la residencia reportada por el (o los) solicitane (s)<\/li><li>Si es (son) extranjero (s) fotocopia del pasaporte y acreditaci\u00f3n migratoria<\/li><li>Para ciudadanos y personas residentes en los Estados Unidos de Norte Am\u00e9rica, deber\u00e1n presentar carn\u00e9 Social Security, Identification Number \u201cTIN\u201d (N\u00famero de Identificaci\u00f3n de Contribuyente) y Formulario FATCA <a href=\"\/wp-content\/uploads\/download-manager-files\/CUESTIONARIOFATCA.doc\">Descargar aqu\u00ed<\/a><\/li><\/ul><\/div><\/div><\/div><h3 style=\"color: #ffffff !important;\">Recuerde que con <a href=\"\/?page_id=730\"> Banca en L\u00ednea <\/a> puede realizar:<\/h3><ul style=\"list-style-type: disc;\"><li><span style=\"color: #ffffff;\">Emisi\u00f3n de Estado de Cuenta<\/span><\/li><li><span style=\"color: #ffffff;\">Transferencia a cuentas propias<\/span><\/li><li><span style=\"color: #ffffff;\">Pagar la cuota de su cr\u00e9dito con autorizaci\u00f3n de d\u00e9bito autom\u00e1tico<\/span><\/li><li><span style=\"color: #ffffff;\">BANCASAT, pago de impuestos<\/span><\/li><li><span style=\"color: #ffffff;\">Pago de Planilla<\/span><\/li><li><span style=\"color: #ffffff;\">Transferencias ACH<\/span><\/li><\/ul>\t\t\t\t\t\t\t\t<\/div>\n\t\t\t\t<\/div>\n\t\t\t\t\t<\/div>\n\t\t<\/div>\n\t\t\t\t\t<\/div>\n\t\t<\/section>\n\t\t\t\t<\/div>\n\t\t","protected":false},"excerpt":{"rendered":"<p>Es la cuenta con la que puede generar m\u00e1s intereses diariamente por sus ahorros y tiene la disponibilidad inmediata de los fondos. Beneficios Acceso gratuito a informaci\u00f3n detallada de su cuenta a trav\u00e9s de nuestro servicio de Banca en L\u00ednea <a href=\"https:\/\/www.vivibanco.com.gt\/?page_id=45\"><\/p>\n<div class=\"read-more\">\n<p>Read more &#8250;<\/p>\n<\/div>\n<p><!-- end of .read-more --><\/a><\/p>\n","protected":false},"author":1,"featured_media":6301,"parent":0,"menu_order":0,"comment_status":"closed","ping_status":"closed","template":"","meta":{"footnotes":""},"class_list":["post-45","page","type-page","status-publish","has-post-thumbnail","hentry"],"_links":{"self":[{"href":"https:\/\/www.vivibanco.com.gt\/index.php?rest_route=\/wp\/v2\/pages\/45","targetHints":{"allow":["GET"]}}],"collection":[{"href":"https:\/\/www.vivibanco.com.gt\/index.php?rest_route=\/wp\/v2\/pages"}],"about":[{"href":"https:\/\/www.vivibanco.com.gt\/index.php?rest_route=\/wp\/v2\/types\/page"}],"author":[{"embeddable":true,"href":"https:\/\/www.vivibanco.com.gt\/index.php?rest_route=\/wp\/v2\/users\/1"}],"replies":[{"embeddable":true,"href":"https:\/\/www.vivibanco.com.gt\/index.php?rest_route=%2Fwp%2Fv2%2Fcomments&post=45"}],"version-history":[{"count":3,"href":"https:\/\/www.vivibanco.com.gt\/index.php?rest_route=\/wp\/v2\/pages\/45\/revisions"}],"predecessor-version":[{"id":6950,"href":"https:\/\/www.vivibanco.com.gt\/index.php?rest_route=\/wp\/v2\/pages\/45\/revisions\/6950"}],"wp:featuredmedia":[{"embeddable":true,"href":"https:\/\/www.vivibanco.com.gt\/index.php?rest_route=\/wp\/v2\/media\/6301"}],"wp:attachment":[{"href":"https:\/\/www.vivibanco.com.gt\/index.php?rest_route=%2Fwp%2Fv2%2Fmedia&parent=45"}],"curies":[{"name":"wp","href":"https:\/\/api.w.org\/{rel}","templated":true}]}}