{"id":6546,"date":"2024-04-29T09:35:31","date_gmt":"2024-04-29T15:35:31","guid":{"rendered":"https:\/\/www.vivibanco.com.gt\/?page_id=6546"},"modified":"2024-07-17T11:12:45","modified_gmt":"2024-07-17T17:12:45","slug":"politicas-de-uso-de-datos","status":"publish","type":"page","link":"https:\/\/www.vivibanco.com.gt\/?page_id=6546","title":{"rendered":"Pol\u00edtica de Privacidad &#8211; Uso de la aplicaci\u00f3n m\u00f3vil"},"content":{"rendered":"\t\t<div data-elementor-type=\"wp-page\" data-elementor-id=\"6546\" class=\"elementor elementor-6546\">\n\t\t\t\t\t\t<section class=\"elementor-section elementor-top-section elementor-element elementor-element-072b0d7 elementor-section-boxed elementor-section-height-default elementor-section-height-default\" data-id=\"072b0d7\" data-element_type=\"section\">\n\t\t\t\t\t\t<div class=\"elementor-container elementor-column-gap-default\">\n\t\t\t\t\t<div class=\"elementor-column elementor-col-100 elementor-top-column elementor-element elementor-element-966d0f2\" data-id=\"966d0f2\" data-element_type=\"column\">\n\t\t\t<div class=\"elementor-widget-wrap elementor-element-populated\">\n\t\t\t\t\t\t<div class=\"elementor-element elementor-element-88bcee7 elementor-widget elementor-widget-text-editor\" data-id=\"88bcee7\" data-element_type=\"widget\" data-widget_type=\"text-editor.default\">\n\t\t\t\t<div class=\"elementor-widget-container\">\n\t\t\t\t\t\t\t\t\t<ol>\n<li><span style=\"color: #ffffff;\">Vivibanco, S.A. (en lo sucesivo \u201cVivibanco\u201d) por este medio se compromete y se obliga a mantener la confidencialidad de la informaci\u00f3n que reciba del Usuario, proporcionada desde la Aplicaci\u00f3n M\u00f3vil; informaci\u00f3n que es requerida conforme a las disposiciones legales y reglamentarias aplicables en la Rep\u00fablica de Guatemala, particularmente a lo se\u00f1alado en la Ley de Bancos y Grupos Financieros de Guatemala.<\/span><\/li>\n<br>\n<li><span style=\"color: #ffffff;\">Por este medio, el Usuario acepta que Vivibanco dentro de la prestaci\u00f3n del servicio de Banca M\u00f3vil, pueda obtener informaci\u00f3n referente a la identidad del usuario, informaci\u00f3n de sus cuentas en los sistemas de Vivibanco o cualquier otra informaci\u00f3n que nos permita ofrecerle otros servicios financieros digitales, conforme a los t\u00e9rminos y condiciones establecidos por Vivibanco.<\/span><\/li>\n<br>\n<li><span style=\"color: #ffffff;\">La informaci\u00f3n que el usuario proporcione a Vivibanco, se considerar\u00e1 confidencial entre las partes y no ser\u00e1 compartida con terceros; adem\u00e1s Vivibanco por medio de la aplicaci\u00f3n m\u00f3vil podr\u00e1 ofrecer al usuario todos los productos y servicios financieros disponibles.<\/span><\/li>\n<br>\n<li><span style=\"color: #ffffff;\">Toda informaci\u00f3n que sea recabada desde el Dispositivo M\u00f3vil del Usuario deber\u00e1 realizarse conforme a los permisos aplicables a cada sistema operativo que el Usuario hubiere autorizado desde su tel\u00e9fono inteligente.<\/span><\/li>\n<br>\n<li><span style=\"color: #ffffff;\">El Usuario de la Aplicaci\u00f3n M\u00f3vil de Vivibanco manifiesta que ha le\u00eddo, entendido y aceptado los t\u00e9rminos expuestos en la presente Pol\u00edtica de Privacidad, lo que constituye el consentimiento, libre, espec\u00edfico, inequ\u00edvoco e informado, inclusive con respecto a los cambios establecidos en las actualizaciones realizadas a la misma, respecto al tratamiento de la informaci\u00f3n confidencial del usuario.<\/span><\/li>\n<br>\n<li><span style=\"color: #ffffff;\">Todos los datos que se obtengan desde la aplicaci\u00f3n m\u00f3vil de Vivibanco, ser\u00e1n tratados y almacenados de forma segura.<\/span><\/li>\n<br>\n<li><span style=\"color: #ffffff;\">La aplicaci\u00f3n no registra ni almacena ninguna informaci\u00f3n en el dispositivo m\u00f3vil.<\/span><\/li>\n<br>\n<li><span style=\"color: #ffffff;\">Cualquier consulta adicional, por favor, contacte a <strong><span style=\"color: #ffff00;\">soporte@vivibanco.com.gt<\/span><\/strong><\/span><\/li>\n<\/ol>\n\t\t\t\t\t\t\t\t<\/div>\n\t\t\t\t<\/div>\n\t\t\t\t\t<\/div>\n\t\t<\/div>\n\t\t\t\t\t<\/div>\n\t\t<\/section>\n\t\t\t\t<\/div>\n\t\t","protected":false},"excerpt":{"rendered":"<p>Vivibanco, S.A. (en lo sucesivo \u201cVivibanco\u201d) por este medio se compromete y se obliga a mantener la confidencialidad de la informaci\u00f3n que reciba del Usuario, proporcionada desde la Aplicaci\u00f3n M\u00f3vil; informaci\u00f3n que es requerida conforme a las disposiciones legales y <a href=\"https:\/\/www.vivibanco.com.gt\/?page_id=6546\"><\/p>\n<div class=\"read-more\">\n<p>Read more &#8250;<\/p>\n<\/div>\n<p><!-- end of .read-more --><\/a><\/p>\n","protected":false},"author":1,"featured_media":0,"parent":0,"menu_order":0,"comment_status":"closed","ping_status":"closed","template":"","meta":{"footnotes":""},"class_list":["post-6546","page","type-page","status-publish","hentry"],"_links":{"self":[{"href":"https:\/\/www.vivibanco.com.gt\/index.php?rest_route=\/wp\/v2\/pages\/6546","targetHints":{"allow":["GET"]}}],"collection":[{"href":"https:\/\/www.vivibanco.com.gt\/index.php?rest_route=\/wp\/v2\/pages"}],"about":[{"href":"https:\/\/www.vivibanco.com.gt\/index.php?rest_route=\/wp\/v2\/types\/page"}],"author":[{"embeddable":true,"href":"https:\/\/www.vivibanco.com.gt\/index.php?rest_route=\/wp\/v2\/users\/1"}],"replies":[{"embeddable":true,"href":"https:\/\/www.vivibanco.com.gt\/index.php?rest_route=%2Fwp%2Fv2%2Fcomments&post=6546"}],"version-history":[{"count":1,"href":"https:\/\/www.vivibanco.com.gt\/index.php?rest_route=\/wp\/v2\/pages\/6546\/revisions"}],"predecessor-version":[{"id":6630,"href":"https:\/\/www.vivibanco.com.gt\/index.php?rest_route=\/wp\/v2\/pages\/6546\/revisions\/6630"}],"wp:attachment":[{"href":"https:\/\/www.vivibanco.com.gt\/index.php?rest_route=%2Fwp%2Fv2%2Fmedia&parent=6546"}],"curies":[{"name":"wp","href":"https:\/\/api.w.org\/{rel}","templated":true}]}}