{"id":6649,"date":"2024-08-11T18:03:13","date_gmt":"2024-08-12T00:03:13","guid":{"rendered":"https:\/\/www.vivibanco.com.gt\/?page_id=6649"},"modified":"2024-09-06T14:54:13","modified_gmt":"2024-09-06T20:54:13","slug":"preguntas-frecuentes-2","status":"publish","type":"page","link":"https:\/\/www.vivibanco.com.gt\/?page_id=6649","title":{"rendered":"Preguntas frecuentes"},"content":{"rendered":"\t\t<div data-elementor-type=\"wp-page\" data-elementor-id=\"6649\" class=\"elementor elementor-6649\">\n\t\t\t\t\t\t<section class=\"elementor-section elementor-top-section elementor-element elementor-element-85336e4 elementor-section-boxed elementor-section-height-default elementor-section-height-default\" data-id=\"85336e4\" data-element_type=\"section\">\n\t\t\t\t\t\t<div class=\"elementor-container elementor-column-gap-default\">\n\t\t\t\t\t<div class=\"elementor-column elementor-col-100 elementor-top-column elementor-element elementor-element-6c2f6c7\" data-id=\"6c2f6c7\" data-element_type=\"column\">\n\t\t\t<div class=\"elementor-widget-wrap elementor-element-populated\">\n\t\t\t\t\t\t<div class=\"elementor-element elementor-element-0e0b5ce elementor-widget elementor-widget-text-editor\" data-id=\"0e0b5ce\" data-element_type=\"widget\" data-widget_type=\"text-editor.default\">\n\t\t\t\t<div class=\"elementor-widget-container\">\n\t\t\t\t\t\t\t\t\t<div style=\"text-align: left; color: white; font-size: 18px\" >\n\n<b>\u00bfQu\u00e9 es Cuik?<\/b><br>\nEs la nueva manera de recibir y enviar dinero a otros bancos sin costo e inmediata a trav\u00e9s de c\u00f3digos QR.<br>\n<br>\n<b>\u00bfC\u00f3mo obtengo Cuik?<\/b><br>\nEn tu app de Vivibanco<br>\n<br>\n<b>\u00bfCu\u00e1l es la vigencia de los QR Cuik?<\/b><br>\nLos QR Cuik tienen una vigencia de 5 minutos y son \u00fanicos para cada transacci\u00f3n, ya que el patr\u00f3n es din\u00e1mico y cambia por cada QR Cuik generado.<br>\n<br>\n<b>\u00bfCon Cuik puedo transferir a otros bancos?<\/b><br>\nPodr\u00e1s realizar transferencias a otros bancos (entre estos: Vivibanco, Banrural, Banco Industrial, G&amp;T, Banco Prom\u00e9rica, BAM, Interbanco, BANTRAB y Nexa) desde tus cuentas de ahorro o monetarias en quetzales.<br>\n<br>\n<b>\u00bfEn cu\u00e1nto tiempo se acreditar\u00e1n las transferencias realizadas?<\/b><br>\nLas transferencias ser\u00e1n inmediatas en horario 7:00 a.m. a 9:00 p.m. Entre de las 9:01 p.m. a 6:59 a.m., se acreditar\u00e1 a las 7:00 a.m. del pr\u00f3ximo d\u00eda.<br>\n<br>\n<b>\u00bfEn qu\u00e9 moneda se puede transferir con QR Cuik?<\/b><br>\n\u00danicamente con cuentas de ahorro o monetarias en Quetzales (Q).<br>\n<br>\n<b>\u00bfRealizar transferencias por medio de Cuik es seguro?<\/b><br>\nCuik es totalmente seguro ya que todas las transacciones las realizas desde tu usuario.<br>\n\n<\/div>\t\t\t\t\t\t\t\t<\/div>\n\t\t\t\t<\/div>\n\t\t\t\t\t<\/div>\n\t\t<\/div>\n\t\t\t\t\t<\/div>\n\t\t<\/section>\n\t\t\t\t<\/div>\n\t\t","protected":false},"excerpt":{"rendered":"<p>\u00bfQu\u00e9 es Cuik? Es la nueva manera de recibir y enviar dinero a otros bancos sin costo e inmediata a trav\u00e9s de c\u00f3digos QR. \u00bfC\u00f3mo obtengo Cuik? En tu app de Vivibanco \u00bfCu\u00e1l es la vigencia de los QR Cuik? <a href=\"https:\/\/www.vivibanco.com.gt\/?page_id=6649\"><\/p>\n<div class=\"read-more\">\n<p>Read more &#8250;<\/p>\n<\/div>\n<p><!-- end of .read-more --><\/a><\/p>\n","protected":false},"author":1,"featured_media":0,"parent":0,"menu_order":0,"comment_status":"closed","ping_status":"closed","template":"","meta":{"footnotes":""},"class_list":["post-6649","page","type-page","status-publish","hentry"],"_links":{"self":[{"href":"https:\/\/www.vivibanco.com.gt\/index.php?rest_route=\/wp\/v2\/pages\/6649","targetHints":{"allow":["GET"]}}],"collection":[{"href":"https:\/\/www.vivibanco.com.gt\/index.php?rest_route=\/wp\/v2\/pages"}],"about":[{"href":"https:\/\/www.vivibanco.com.gt\/index.php?rest_route=\/wp\/v2\/types\/page"}],"author":[{"embeddable":true,"href":"https:\/\/www.vivibanco.com.gt\/index.php?rest_route=\/wp\/v2\/users\/1"}],"replies":[{"embeddable":true,"href":"https:\/\/www.vivibanco.com.gt\/index.php?rest_route=%2Fwp%2Fv2%2Fcomments&post=6649"}],"version-history":[{"count":1,"href":"https:\/\/www.vivibanco.com.gt\/index.php?rest_route=\/wp\/v2\/pages\/6649\/revisions"}],"predecessor-version":[{"id":6692,"href":"https:\/\/www.vivibanco.com.gt\/index.php?rest_route=\/wp\/v2\/pages\/6649\/revisions\/6692"}],"wp:attachment":[{"href":"https:\/\/www.vivibanco.com.gt\/index.php?rest_route=%2Fwp%2Fv2%2Fmedia&parent=6649"}],"curies":[{"name":"wp","href":"https:\/\/api.w.org\/{rel}","templated":true}]}}