{"id":675,"date":"2015-05-18T21:02:54","date_gmt":"2015-05-18T21:02:54","guid":{"rendered":"\/?page_id=675"},"modified":"2023-05-16T09:11:59","modified_gmt":"2023-05-16T15:11:59","slug":"cuenta-de-depositos-de-ahorro-en-dolares","status":"publish","type":"page","link":"https:\/\/www.vivibanco.com.gt\/?page_id=675","title":{"rendered":"Cuenta Ahorro en D\u00f3lares"},"content":{"rendered":"<div class=\"row\">\n<div class=\"col-sm-12\">Ahorre para sus viajes de vacaciones y negocios, t\u00e9ngalo disponible en el momento que desee.<\/div>\n<\/div>\n<h3>Beneficios<\/h3>\n<ul style=\"list-style-type: disc;\">\n<li>Acceso gratuito a informaci\u00f3n detallada de su cuenta a trav\u00e9s de nuestro servicio de Banca en L\u00ednea (previa afiliaci\u00f3n) de forma segura, ingresando a: <a href=\"https:\/\/www.vivibanco.com.gt\/ebanca\/index.html\">Banca en L\u00ednea<\/a><\/li>\n<li>Seguridad en sus ahorros, respaldado por el Fondo para Protecci\u00f3n del Ahorro FOPA, hasta Q. 20,000.00 o su equivalente en d\u00f3lares<\/li>\n<li>Puntos de servicio con horarios convenientes<\/li>\n<li>Puede realizar retiros ilimitado<\/li>\n<li>Realizar dep\u00f3sitos de ahorro sin presentar libreta<\/li>\n<li>Sin cargos por manejo de cuenta<\/li>\n<\/ul>\n<p>&nbsp;<\/p>\n<h3>Caracter\u00edsticas<\/h3>\n<ul style=\"list-style-type: disc;\">\n<li>Monto de apertura USD 100.00 persona individual, USD 100.00 persona jur\u00eddica (empresas)<\/li>\n<li>C\u00e1lculo de intereses sobre saldos diarios con capitalizaci\u00f3n mensual<\/li>\n<\/ul>\n<p>&nbsp;<\/p>\n<h3>Requisitos<\/h3>\n<div>\n<ul class=\"nav nav-tabs\">\n<li><a href=\"#persona\" data-toggle=\"tab\">Persona Individual <i class=\"fa fa-arrow-circle-o-right\"><\/i><\/a><\/li>\n<li><a href=\"#empresa\" data-toggle=\"tab\">Empresas <i class=\"fa fa-arrow-circle-o-right\"><\/i><\/a><\/li>\n<\/ul>\n<div class=\"tab-content\">\n<div id=\"persona\" class=\"tab-pane fade\">\n<ul style=\"list-style-type: disc;\">\n<li>Contrato de Apertura. <a href=\"\/wp-content\/uploads\/download-manager-files\/ContratodeApertura.doc\">Descargar aqu\u00ed<\/a><\/li>\n<li>Formulario de inicio de relaciones <a href=\"\/wp-content\/uploads\/download-manager-files\/IVE-IR-Individual.xls\">Descargar aqu\u00ed<\/a> y anexos autorizados por la IVE.<a href=\"\/wp-content\/uploads\/download-manager-files\/ProductosYServicios.xls\">Descargar aqu\u00ed<\/a><\/li>\n<li>Presentar DPI Original y fotocopia del solicitante (ambos lados)<\/li>\n<li>Si es (son) extranjero (s) fotocopia del pasaporte y acreditaci\u00f3n migratoria<\/li>\n<li>Para ciudadanos y personas residentes en los Estados Unidos de Norte Am\u00e9rica, deber\u00e1n presentar carn\u00e9 Social Security, Identification Number \u201cTIN\u201d (N\u00famero de Identificaci\u00f3n de Contribuyente) y Formulario FATCA <a href=\"\/wp-content\/uploads\/download-manager-files\/CUESTIONARIOFATCA.doc\">Descargar aqu\u00ed<\/a><\/li>\n<li>Fotocopia de recibo de agua, luz, tel\u00e9fono o servicio similar que registre la direcci\u00f3n de la residencia reportada por el (o los) solicitante (s)<\/li>\n<li>Si posee negocio propio, presentar fotocopia de patente de comercio y carn\u00e9 de la SAT o RTU<\/li>\n<li>Si se designan beneficiarios, deber\u00e1n indicar nombres y apellido completos, direcci\u00f3n de residencia e informaci\u00f3n adicional que requieran las leyes aplicables<\/li>\n<\/ul>\n<\/div>\n<div id=\"empresa\" class=\"tab-pane fade\">\n<ul style=\"list-style-type: disc;\">\n<li>Contrato de Apertura. <a href=\"&quot;\/wp-content\/uploads\/download-manager-files\/ContratodeApertura.doc\">Descargar aqu\u00ed<\/a><\/li>\n<li>Formulario de inicio de relaciones <a href=\"\/wp-content\/uploads\/download-manager-files\/IVE-IR-02.xls\">Descargar aqu\u00ed<\/a> y anexos autorizados por la IVE.<a href=\"\/wp-content\/uploads\/download-manager-files\/ProductosYServicios.xls\">Descargar aqu\u00ed<\/a><\/li>\n<li>Fotocopia de patente de sociedad y comercio<\/li>\n<li>Fotocopia de Nombramiento del Representante Legal<\/li>\n<li>Fotocopia del primer testimonio de la escritura p\u00fablica de constituci\u00f3n de sociedad<\/li>\n<li>Presentar DPI Original y fotocopia del solicitante (ambos lados)<\/li>\n<li>Fotocopia de recibo de agua, luz, tel\u00e9fono o servicio similar que registre la direcci\u00f3n de la residencia reportada por el (o los) solicitante (s)<\/li>\n<li>Si es (son) extranjero (s) fotocopia del pasaporte y acreditaci\u00f3n migratoria<\/li>\n<li>Para ciudadanos y personas residentes en los Estados Unidos de Norte Am\u00e9rica, deber\u00e1n presentar carn\u00e9 Social Security, Identification Number \u201cTIN\u201d (N\u00famero de Identificaci\u00f3n de Contribuyente) y Formulario FATCA <a href=\"\/wp-content\/uploads\/download-manager-files\/CUESTIONARIOFATCA.doc\">Descargar aqu\u00ed<\/a><\/li>\n<\/ul>\n<\/div>\n<\/div>\n<\/div>\n<p>&nbsp;<\/p>\n<h3 style=\"color:#ffffff !important;\">Recuerde que con <a href=\"\/?page_id=730\"> Banca en L\u00ednea <\/a> puede realizar:<\/h3>\n<ul style=\"list-style-type: disc;\">\n<li>Emisi\u00f3n de Estado de Cuenta<\/li>\n<li>Transferencia a cuentas propias<\/li>\n<li>Pagar la cuota de su cr\u00e9dito con autorizaci\u00f3n de d\u00e9bito autom\u00e1tico<\/li>\n<li>BANCASAT, pago de impuestos<\/li>\n<li>Pago de Planilla<\/li>\n<li>Transferencias ACH<\/li>\n<\/ul>\n<p>&nbsp;<\/p>\n","protected":false},"excerpt":{"rendered":"<p>Ahorre para sus viajes de vacaciones y negocios, t\u00e9ngalo disponible en el momento que desee. Beneficios Acceso gratuito a informaci\u00f3n detallada de su cuenta a trav\u00e9s de nuestro servicio de Banca en L\u00ednea (previa afiliaci\u00f3n) de forma segura, ingresando a: <a href=\"https:\/\/www.vivibanco.com.gt\/?page_id=675\"><\/p>\n<div class=\"read-more\">\n<p>Read more &#8250;<\/p>\n<\/div>\n<p><!-- end of .read-more --><\/a><\/p>\n","protected":false},"author":1,"featured_media":6359,"parent":0,"menu_order":0,"comment_status":"closed","ping_status":"closed","template":"template-2productos.php","meta":{"footnotes":""},"class_list":["post-675","page","type-page","status-publish","has-post-thumbnail","hentry"],"_links":{"self":[{"href":"https:\/\/www.vivibanco.com.gt\/index.php?rest_route=\/wp\/v2\/pages\/675","targetHints":{"allow":["GET"]}}],"collection":[{"href":"https:\/\/www.vivibanco.com.gt\/index.php?rest_route=\/wp\/v2\/pages"}],"about":[{"href":"https:\/\/www.vivibanco.com.gt\/index.php?rest_route=\/wp\/v2\/types\/page"}],"author":[{"embeddable":true,"href":"https:\/\/www.vivibanco.com.gt\/index.php?rest_route=\/wp\/v2\/users\/1"}],"replies":[{"embeddable":true,"href":"https:\/\/www.vivibanco.com.gt\/index.php?rest_route=%2Fwp%2Fv2%2Fcomments&post=675"}],"version-history":[{"count":1,"href":"https:\/\/www.vivibanco.com.gt\/index.php?rest_route=\/wp\/v2\/pages\/675\/revisions"}],"predecessor-version":[{"id":2348,"href":"https:\/\/www.vivibanco.com.gt\/index.php?rest_route=\/wp\/v2\/pages\/675\/revisions\/2348"}],"wp:featuredmedia":[{"embeddable":true,"href":"https:\/\/www.vivibanco.com.gt\/index.php?rest_route=\/wp\/v2\/media\/6359"}],"wp:attachment":[{"href":"https:\/\/www.vivibanco.com.gt\/index.php?rest_route=%2Fwp%2Fv2%2Fmedia&parent=675"}],"curies":[{"name":"wp","href":"https:\/\/api.w.org\/{rel}","templated":true}]}}