{"id":6909,"date":"2025-03-31T16:57:34","date_gmt":"2025-03-31T22:57:34","guid":{"rendered":"https:\/\/www.vivibanco.com.gt\/?page_id=6909"},"modified":"2026-02-13T15:04:22","modified_gmt":"2026-02-13T21:04:22","slug":"cuenta-viviahorro-programado","status":"publish","type":"page","link":"https:\/\/www.vivibanco.com.gt\/?page_id=6909","title":{"rendered":"Cuenta Viviahorro Programado"},"content":{"rendered":"\t\t<div data-elementor-type=\"wp-page\" data-elementor-id=\"6909\" class=\"elementor elementor-6909\">\n\t\t\t\t\t\t<section class=\"elementor-section elementor-top-section elementor-element elementor-element-a0990bb elementor-section-boxed elementor-section-height-default elementor-section-height-default\" data-id=\"a0990bb\" data-element_type=\"section\">\n\t\t\t\t\t\t<div class=\"elementor-container elementor-column-gap-default\">\n\t\t\t\t\t<div class=\"elementor-column elementor-col-100 elementor-top-column elementor-element elementor-element-85e3d3a\" data-id=\"85e3d3a\" data-element_type=\"column\">\n\t\t\t<div class=\"elementor-widget-wrap elementor-element-populated\">\n\t\t\t\t\t\t<div class=\"elementor-element elementor-element-ee222b5 elementor-align-center elementor-widget__width-initial elementor-widget elementor-widget-button\" data-id=\"ee222b5\" data-element_type=\"widget\" data-widget_type=\"button.default\">\n\t\t\t\t<div class=\"elementor-widget-container\">\n\t\t\t\t\t\t\t\t\t<div class=\"elementor-button-wrapper\">\n\t\t\t\t\t<a class=\"elementor-button elementor-button-link elementor-size-sm elementor-animation-grow\" href=\"https:\/\/vivibanco.com.gt\/QAPortal\/cuentadigital\/solicitud\/3\/0\" target=\"_blank\">\n\t\t\t\t\t\t<span class=\"elementor-button-content-wrapper\">\n\t\t\t\t\t\t<span class=\"elementor-button-icon\">\n\t\t\t\t<i aria-hidden=\"true\" class=\"fas fa-digital-tachograph\"><\/i>\t\t\t<\/span>\n\t\t\t\t\t\t\t\t\t<span class=\"elementor-button-text\">ABRIR CUENTA<\/span>\n\t\t\t\t\t<\/span>\n\t\t\t\t\t<\/a>\n\t\t\t\t<\/div>\n\t\t\t\t\t\t\t\t<\/div>\n\t\t\t\t<\/div>\n\t\t\t\t\t<\/div>\n\t\t<\/div>\n\t\t\t\t\t<\/div>\n\t\t<\/section>\n\t\t\t\t<section class=\"elementor-section elementor-top-section elementor-element elementor-element-f6ca298 elementor-section-boxed elementor-section-height-default elementor-section-height-default\" data-id=\"f6ca298\" data-element_type=\"section\">\n\t\t\t\t\t\t<div class=\"elementor-container elementor-column-gap-default\">\n\t\t\t\t\t<div class=\"elementor-column elementor-col-100 elementor-top-column elementor-element elementor-element-fdd8487\" data-id=\"fdd8487\" data-element_type=\"column\">\n\t\t\t<div class=\"elementor-widget-wrap elementor-element-populated\">\n\t\t\t\t\t\t<div class=\"elementor-element elementor-element-60b20d2 elementor-widget elementor-widget-text-editor\" data-id=\"60b20d2\" data-element_type=\"widget\" data-widget_type=\"text-editor.default\">\n\t\t\t\t<div class=\"elementor-widget-container\">\n\t\t\t\t\t\t\t\t\t<div class=\"row\"><div class=\"col-sm-12\" style=\"text-align: left;\"><span style=\"color: #ffffff;\">Este producto ofrece flexibilidad y facilidad de acceso, ideal para aquellos que buscan ahorrar de manera programada a plazos m\u00e1s prolongados y con mayor aportaci\u00f3n en su ahorro, con opciones de d\u00e9bito autom\u00e1tico y respaldo financiero adicional<\/span><\/div><\/div><h3 style=\"text-align: left;\">Beneficios<\/h3><ul style=\"list-style-type: disc;\"><li style=\"text-align: left;\"><span style=\"color: #ffffff;\">Posibilidad de hacer aportes adicionales espor\u00e1dicos sin l\u00edmite, adem\u00e1s de los aportes mensuales programados<\/span><\/li><\/ul><h3 style=\"text-align: left;\">Caracter\u00edsticas<\/h3><ul style=\"list-style-type: disc; text-align: left;\"><li><span style=\"color: #ffffff;\">Monto de apertura m\u00ednimo: Q150.00<\/span><\/li><li><span style=\"color: #ffffff;\">Aporte mensual desde de Q50.00<\/span><\/li><li><span style=\"color: #ffffff;\">Tasa de inter\u00e9s escalonada<\/span><\/li><li><span style=\"color: #ffffff;\">Plazo de 1 a 5 a\u00f1os<\/span><\/li><li><span style=\"color: #ffffff;\">Apertura de cuenta virtual para montos hasta Q50,000.00<\/span><\/li><li><span style=\"color: #ffffff;\">Para cuentas de Q50,000.01 en adelante se debe de realizar en agencia<\/span><\/li><\/ul><h3 style=\"text-align: left;\">Requisitos para apertura de cuentas<\/h3><div><ul class=\"nav nav-tabs\"><li style=\"text-align: left;\"><a href=\"#persona\" data-toggle=\"tab\">Persona Individual <i class=\"fa fa-arrow-circle-o-right\"><\/i><\/a><\/li><\/ul><div class=\"tab-content\"><div id=\"persona\" class=\"tab-pane fade\"><ul style=\"list-style-type: disc;\"><li>Contrato de apertura de cuenta<\/li><li>Formulario de inicio de relaciones FEIC PI<\/li><li>Presentar copia de DPI del o los solicitantes y documento presentado (ambos lados)<\/li><li>Si es (son) extranjero (s) fotocopia del pasaporte y acreditaci\u00f3n migratoria<\/li><li>Para ciudadanos y personas residentes en los Estados Unidos de Norte Am\u00e9rica deber\u00e1n presentar su carn\u00e9 Social Security y el Taxpayer Identification Number \u201cTIN\u201d (N\u00famero de identificaci\u00f3n de Contribuyente)<\/li><li>Si posee negocio propio, presentar fotocopia de patente de comercio y carn\u00e9 de la SAT o RTU (antig\u00fcedad m\u00e1xima 1 a\u00f1o)<\/li><\/ul><\/div><\/div><\/div><h3 style=\"color: #ffffff !important;\">Recuerde que con <a href=\"\/?page_id=730\"> Banca en L\u00ednea <\/a> puede realizar:<\/h3><ul style=\"list-style-type: disc;\"><li><span style=\"color: #ffffff;\">Emisi\u00f3n de Estado de Cuenta<\/span><\/li><li><span style=\"color: #ffffff;\">Transferencia a cuentas propias<\/span><\/li><li><span style=\"color: #ffffff;\">Pagar la cuota de su cr\u00e9dito con autorizaci\u00f3n de d\u00e9bito autom\u00e1tico<\/span><\/li><li><span style=\"color: #ffffff;\">BANCASAT, pago de impuestos<\/span><\/li><li><span style=\"color: #ffffff;\">Pago de Planilla<\/span><\/li><li><span style=\"color: #ffffff;\">Transferencias ACH<\/span><\/li><\/ul>\t\t\t\t\t\t\t\t<\/div>\n\t\t\t\t<\/div>\n\t\t\t\t\t<\/div>\n\t\t<\/div>\n\t\t\t\t\t<\/div>\n\t\t<\/section>\n\t\t\t\t<section class=\"elementor-section elementor-top-section elementor-element elementor-element-8c6c0e8 elementor-section-boxed elementor-section-height-default elementor-section-height-default\" data-id=\"8c6c0e8\" data-element_type=\"section\">\n\t\t\t\t\t\t<div class=\"elementor-container elementor-column-gap-default\">\n\t\t\t\t\t<div class=\"elementor-column elementor-col-100 elementor-top-column elementor-element elementor-element-7016077\" data-id=\"7016077\" data-element_type=\"column\">\n\t\t\t<div class=\"elementor-widget-wrap elementor-element-populated\">\n\t\t\t\t\t\t<div class=\"elementor-element elementor-element-3c9f61c elementor-align-center elementor-widget__width-initial elementor-widget elementor-widget-button\" data-id=\"3c9f61c\" data-element_type=\"widget\" data-widget_type=\"button.default\">\n\t\t\t\t<div class=\"elementor-widget-container\">\n\t\t\t\t\t\t\t\t\t<div class=\"elementor-button-wrapper\">\n\t\t\t\t\t<a class=\"elementor-button elementor-button-link elementor-size-sm elementor-animation-grow\" href=\"https:\/\/vivibanco.com.gt\/QAPortal\/cuentadigital\/solicitud\/3\/0\" target=\"_blank\">\n\t\t\t\t\t\t<span class=\"elementor-button-content-wrapper\">\n\t\t\t\t\t\t<span class=\"elementor-button-icon\">\n\t\t\t\t<i aria-hidden=\"true\" class=\"fas fa-digital-tachograph\"><\/i>\t\t\t<\/span>\n\t\t\t\t\t\t\t\t\t<span class=\"elementor-button-text\">ABRIR CUENTA<\/span>\n\t\t\t\t\t<\/span>\n\t\t\t\t\t<\/a>\n\t\t\t\t<\/div>\n\t\t\t\t\t\t\t\t<\/div>\n\t\t\t\t<\/div>\n\t\t\t\t\t<\/div>\n\t\t<\/div>\n\t\t\t\t\t<\/div>\n\t\t<\/section>\n\t\t\t\t<\/div>\n\t\t","protected":false},"excerpt":{"rendered":"<p>ABRIR CUENTA Este producto ofrece flexibilidad y facilidad de acceso, ideal para aquellos que buscan ahorrar de manera programada a plazos m\u00e1s prolongados y con mayor aportaci\u00f3n en su ahorro, con opciones de d\u00e9bito autom\u00e1tico y respaldo financiero adicional Beneficios <a href=\"https:\/\/www.vivibanco.com.gt\/?page_id=6909\"><\/p>\n<div class=\"read-more\">\n<p>Read more &#8250;<\/p>\n<\/div>\n<p><!-- end of .read-more --><\/a><\/p>\n","protected":false},"author":1,"featured_media":7408,"parent":0,"menu_order":0,"comment_status":"closed","ping_status":"closed","template":"template-2productos.php","meta":{"footnotes":""},"class_list":["post-6909","page","type-page","status-publish","has-post-thumbnail","hentry"],"_links":{"self":[{"href":"https:\/\/www.vivibanco.com.gt\/index.php?rest_route=\/wp\/v2\/pages\/6909","targetHints":{"allow":["GET"]}}],"collection":[{"href":"https:\/\/www.vivibanco.com.gt\/index.php?rest_route=\/wp\/v2\/pages"}],"about":[{"href":"https:\/\/www.vivibanco.com.gt\/index.php?rest_route=\/wp\/v2\/types\/page"}],"author":[{"embeddable":true,"href":"https:\/\/www.vivibanco.com.gt\/index.php?rest_route=\/wp\/v2\/users\/1"}],"replies":[{"embeddable":true,"href":"https:\/\/www.vivibanco.com.gt\/index.php?rest_route=%2Fwp%2Fv2%2Fcomments&post=6909"}],"version-history":[{"count":1,"href":"https:\/\/www.vivibanco.com.gt\/index.php?rest_route=\/wp\/v2\/pages\/6909\/revisions"}],"predecessor-version":[{"id":7472,"href":"https:\/\/www.vivibanco.com.gt\/index.php?rest_route=\/wp\/v2\/pages\/6909\/revisions\/7472"}],"wp:featuredmedia":[{"embeddable":true,"href":"https:\/\/www.vivibanco.com.gt\/index.php?rest_route=\/wp\/v2\/media\/7408"}],"wp:attachment":[{"href":"https:\/\/www.vivibanco.com.gt\/index.php?rest_route=%2Fwp%2Fv2%2Fmedia&parent=6909"}],"curies":[{"name":"wp","href":"https:\/\/api.w.org\/{rel}","templated":true}]}}