{"id":6911,"date":"2025-03-31T16:59:01","date_gmt":"2025-03-31T22:59:01","guid":{"rendered":"https:\/\/www.vivibanco.com.gt\/?page_id=6911"},"modified":"2026-02-13T15:05:02","modified_gmt":"2026-02-13T21:05:02","slug":"cuenta-viviahorro-preferente","status":"publish","type":"page","link":"https:\/\/www.vivibanco.com.gt\/?page_id=6911","title":{"rendered":"Cuenta Viviahorro Preferida"},"content":{"rendered":"\t\t<div data-elementor-type=\"wp-page\" data-elementor-id=\"6911\" class=\"elementor elementor-6911\">\n\t\t\t\t\t\t<section class=\"elementor-section elementor-top-section elementor-element elementor-element-ee6a7e0 elementor-section-boxed elementor-section-height-default elementor-section-height-default\" data-id=\"ee6a7e0\" data-element_type=\"section\">\n\t\t\t\t\t\t<div class=\"elementor-container elementor-column-gap-default\">\n\t\t\t\t\t<div class=\"elementor-column elementor-col-100 elementor-top-column elementor-element elementor-element-0bb0387\" data-id=\"0bb0387\" data-element_type=\"column\">\n\t\t\t<div class=\"elementor-widget-wrap elementor-element-populated\">\n\t\t\t\t\t\t<div class=\"elementor-element elementor-element-7349942 elementor-align-center elementor-widget elementor-widget-button\" data-id=\"7349942\" data-element_type=\"widget\" data-widget_type=\"button.default\">\n\t\t\t\t<div class=\"elementor-widget-container\">\n\t\t\t\t\t\t\t\t\t<div class=\"elementor-button-wrapper\">\n\t\t\t\t\t<a class=\"elementor-button elementor-button-link elementor-size-sm elementor-animation-grow\" href=\"https:\/\/vivibanco.com.gt\/QAPortal\/cuentadigital\/solicitud\/4\/0\" target=\"_blank\">\n\t\t\t\t\t\t<span class=\"elementor-button-content-wrapper\">\n\t\t\t\t\t\t<span class=\"elementor-button-icon\">\n\t\t\t\t<i aria-hidden=\"true\" class=\"fas fa-digital-tachograph\"><\/i>\t\t\t<\/span>\n\t\t\t\t\t\t\t\t\t<span class=\"elementor-button-text\">ABRIR CUENTA<\/span>\n\t\t\t\t\t<\/span>\n\t\t\t\t\t<\/a>\n\t\t\t\t<\/div>\n\t\t\t\t\t\t\t\t<\/div>\n\t\t\t\t<\/div>\n\t\t\t\t\t<\/div>\n\t\t<\/div>\n\t\t\t\t\t<\/div>\n\t\t<\/section>\n\t\t\t\t<section class=\"elementor-section elementor-top-section elementor-element elementor-element-dc4a0b2 elementor-section-boxed elementor-section-height-default elementor-section-height-default\" data-id=\"dc4a0b2\" data-element_type=\"section\">\n\t\t\t\t\t\t<div class=\"elementor-container elementor-column-gap-default\">\n\t\t\t\t\t<div class=\"elementor-column elementor-col-100 elementor-top-column elementor-element elementor-element-b7b4d2d\" data-id=\"b7b4d2d\" data-element_type=\"column\">\n\t\t\t<div class=\"elementor-widget-wrap elementor-element-populated\">\n\t\t\t\t\t\t<div class=\"elementor-element elementor-element-31ae4e7 elementor-widget elementor-widget-text-editor\" data-id=\"31ae4e7\" data-element_type=\"widget\" data-widget_type=\"text-editor.default\">\n\t\t\t\t<div class=\"elementor-widget-container\">\n\t\t\t\t\t\t\t\t\t<div class=\"row\"><div class=\"col-sm-12\" style=\"text-align: left;\"><span style=\"color: #ffffff;\">Este producto de ahorro proporciona una manera accesible de ahorrar con una atractiva tasa de inter\u00e9s escalonada, beneficios adicionales y la opci\u00f3n de ahorro programado, idal para quienes buscan gestionar sus finanzas de manera eficiente<\/span><\/div><\/div><h3 style=\"text-align: left;\">Caracter\u00edsticas<\/h3><ul style=\"list-style-type: disc;\"><li style=\"list-style-type: none;\"><ul style=\"list-style-type: disc;\"><li style=\"text-align: left;\"><span style=\"color: #ffffff;\">Monto de apertura m\u00ednimo: Q2,500.00<\/span><\/li><\/ul><\/li><\/ul><ul style=\"list-style-type: disc;\"><li style=\"text-align: left;\"><span style=\"color: #ffffff;\">Tasa de inter\u00e9s escalonada<\/span><\/li><li style=\"text-align: left;\"><span style=\"color: #ffffff;\">Tarjeta de d\u00e9bito Visa opcional<\/span><\/li><li style=\"text-align: left;\"><span style=\"color: #ffffff;\">Apertura de cuenta virtual para montos hasta Q50,000.00<\/span><\/li><li style=\"text-align: left;\"><span style=\"color: #ffffff;\">Para cuentas de Q50,000.01 en adelante se debe de realizar en agencia<\/span><\/li><li style=\"text-align: left;\"><span style=\"color: #ffffff;\">Opci\u00f3n de abrir una cuenta de ahorro programado con aportes m\u00ednimos de Q50.00 mensuales mediante d\u00e9bito autom\u00e1tico a su cuenta<\/span><\/li><li style=\"text-align: left;\"><span style=\"color: #ffffff;\">Posibilidad de abrir cuentas conjuntas con familiares<\/span><\/li><\/ul><h3>Tabla de Tasas de Inter\u00e9s<\/h3><table class=\"tabla_vivibanco\"><tbody><tr><td style=\"text-align: center;\">\u00a0<\/td><td><strong><span style=\"color: #ffffff;\">DE<\/span><\/strong><\/td><td>\u00a0<\/td><td><strong><span style=\"color: #ffffff;\">A<\/span><\/strong><\/td><td><span style=\"color: #000000;\"><strong>Tasa Nominal<\/strong><\/span><\/td><\/tr><tr><td><span style=\"color: #ffffff;\">Q.<\/span><\/td><td><span style=\"color: #ffffff;\">\u00a0 \u00a0 \u00a0 \u00a02,500.00<\/span><\/td><td><span style=\"color: #ffffff;\">Q.<\/span><\/td><td><span style=\"color: #ffffff;\">\u00a0 \u00a0 \u00a010,000.00<\/span><\/td><td style=\"text-align: center;\"><span style=\"color: #ffffff;\">2.50%<\/span><\/td><\/tr><tr><td><span style=\"color: #ffffff;\">Q.<\/span><\/td><td><span style=\"color: #ffffff;\">\u00a0 \u00a0 \u00a010,001.00<\/span><\/td><td><span style=\"color: #ffffff;\">Q.<\/span><\/td><td><span style=\"color: #ffffff;\">\u00a0 \u00a0 \u00a050,000.00<\/span><\/td><td style=\"text-align: center;\"><span style=\"color: #ffffff;\">2.75%<\/span><\/td><\/tr><tr><td><span style=\"color: #ffffff;\">Q.<\/span><\/td><td><span style=\"color: #ffffff;\">\u00a0 \u00a0 \u00a050,001.00<\/span><\/td><td><span style=\"color: #ffffff;\">Q.<\/span><\/td><td><span style=\"color: #ffffff;\">\u00a0 \u00a0100,000.00<\/span><\/td><td style=\"text-align: center;\"><span style=\"color: #ffffff;\">3.00%<\/span><\/td><\/tr><tr><td><span style=\"color: #ffffff;\">Q.<\/span><\/td><td><span style=\"color: #ffffff;\">\u00a0 \u00a0100,001.00<\/span><\/td><td><span style=\"color: #ffffff;\">Q.<\/span><\/td><td><span style=\"color: #ffffff;\">\u00a0 \u00a0300,000.00<\/span><\/td><td style=\"text-align: center;\"><span style=\"color: #ffffff;\">3.50%<\/span><\/td><\/tr><tr><td><span style=\"color: #ffffff;\">Q.<\/span><\/td><td><span style=\"color: #ffffff;\">\u00a0 \u00a0300,001.00<\/span><\/td><td><span style=\"color: #ffffff;\">Q.<\/span><\/td><td><span style=\"color: #ffffff;\">\u00a0 \u00a0400,000.00<\/span><\/td><td style=\"text-align: center;\"><span style=\"color: #ffffff;\">3.75%<\/span><\/td><\/tr><tr><td><span style=\"color: #ffffff;\">Q.<\/span><\/td><td><span style=\"color: #ffffff;\">\u00a0 \u00a0400,001.00<\/span><\/td><td><span style=\"color: #ffffff;\">Q.<\/span><\/td><td><span style=\"color: #ffffff;\">\u00a0 \u00a0500,000.00<\/span><\/td><td style=\"text-align: center;\"><span style=\"color: #ffffff;\">4.00%<\/span><\/td><\/tr><tr><td><span style=\"color: #ffffff;\">Q.<\/span><\/td><td><span style=\"color: #ffffff;\">\u00a0 \u00a0500,001.00<\/span><\/td><td><span style=\"color: #ffffff;\">Q.<\/span><\/td><td><span style=\"color: #ffffff;\">1,000,000.00<\/span><\/td><td style=\"text-align: center;\"><span style=\"color: #ffffff;\">4.25%<\/span><\/td><\/tr><tr><td><span style=\"color: #ffffff;\">Q.<\/span><\/td><td><span style=\"color: #ffffff;\">1,000,001.00<\/span><\/td><td>\u00a0<\/td><td style=\"text-align: left;\"><p><span style=\"color: #ffffff;\">EN ADELANTE<\/span><\/p><\/td><td style=\"text-align: center;\"><span style=\"color: #ffffff;\">4.50%<\/span><\/td><\/tr><\/tbody><\/table><h3>Requisitos<\/h3><div><ul class=\"nav nav-tabs\"><li><a href=\"#persona\" data-toggle=\"tab\">Persona Individual<i class=\"fa fa-arrow-circle-o-right\"><\/i><\/a><\/li><li><a href=\"#empresa\" data-toggle=\"tab\">Empresas<i class=\"fa fa-arrow-circle-o-right\"><\/i><\/a><\/li><\/ul><div class=\"tab-content\"><div id=\"persona\" class=\"tab-pane fade\"><ul style=\"list-style-type: disc;\"><li style=\"text-align: left;\">Contrato de Apertura de cuenta<\/li><li style=\"text-align: left;\">Formulario electr\u00f3nico de informaci\u00f3n del cliente y anexos autorizados por la Intendencia de Verificaci\u00f3n Especial IVE<\/li><li style=\"text-align: left;\">Presentar copia de DPI (ambos lados) del o los solicitantes y original del documento presentado<\/li><li style=\"text-align: left;\">Si es (son) extranjero (s) fotocopia del pasaporte y acreditaci\u00f3n migratoria<\/li><li style=\"text-align: left;\">Para ciudadanos y personas residentes en los Estados Unidos de Norte Am\u00e9rica, deber\u00e1n presentar carn\u00e9 Social Security, Taxpayer Identification Number \u201cTIN\u201d (N\u00famero de Identificaci\u00f3n de Contribuyente)<\/li><li style=\"text-align: left;\">Fotocopia de recibo de agua, luz, tel\u00e9fono o servicio similar que registre la direcci\u00f3n de la residencia reportada por el (o los) solicitante (s)<\/li><li style=\"text-align: left;\">Si posee negocio propio, presentar fotocopia de patente de comercio y carn\u00e9 de la SAT o RTU (antig\u00fcedad m\u00e1xima 1 a\u00f1o)<\/li><li style=\"text-align: left;\">Otros documentos que el Banco considere necesarios<\/li><\/ul><\/div><div id=\"empresa\" class=\"tab-pane fade\"><ul style=\"list-style-type: disc;\"><li style=\"text-align: left;\">Contrato de apertura de cuenta<\/li><li style=\"text-align: left;\">Formulario electr\u00f3nico de informaci\u00f3n del cliente para personas jur\u00eddicas (vigente) y anexos autorizados por la Intendencia de Verificaci\u00f3n Especial IVE.<\/li><li style=\"text-align: left;\">Declaraci\u00f3n de beneficiarios finales de clientes constituidos en forma de personas jur\u00eddicas o estructuras jur\u00eddicas, (forma interna del Banco, dise\u00f1ada de acuerdo a lo instruido en oficio IVE 1139-2021).<\/li><li style=\"text-align: left;\">Fotocopia del DPI del representante legal (ambos lados).<\/li><li style=\"text-align: left;\">Si el representante legal es extranjero fotocopia del pasaporte y acreditaci\u00f3n migratoria.<\/li><li style=\"text-align: left;\">Fotocopia del primer testimonio de la escritura p\u00fablica de constituci\u00f3n, debidamente registrada.<\/li><li style=\"text-align: left;\">Fotocopia de la Patente de Sociedad.<\/li><li style=\"text-align: left;\">Fotocopia de la Patente de Empresa.<\/li><li style=\"text-align: left;\">Fotocopia del Acuerdo Gubernativo u otro documento similar (en el caso de Fundaciones, Iglesias, etc.) en que se autorice su constituci\u00f3n.<\/li><li style=\"text-align: left;\">Fotocopia del nombramiento del representante legal, debidamente registrado<\/li><li style=\"text-align: left;\">Primer testimonio de la escritura de mandato debidamente registrado y vigente.<\/li><li style=\"text-align: left;\">Fotocopia de los documentos de identificaci\u00f3n de los firmantes de la cuenta.<\/li><li style=\"text-align: left;\">En caso de ser extranjeros, una fotocopia de su documento de identificaci\u00f3n y del documento que acredite su condici\u00f3n migratoria, cuando aplique (pasaporte, tarjeta de visitante, pase especial de viaje).<\/li><li style=\"text-align: left;\">Para ciudadanos y personas residentes en los Estados Unidos de Norte Am\u00e9rica deber\u00e1n presentar su carn\u00e9 Social Security y el Taxpayer Identification Number \u201cTIN\u201d (N\u00famero de identificaci\u00f3n de Contribuyente).<\/li><li style=\"text-align: left;\">Fotocopia de un recibo, ya sea de agua, luz o tel\u00e9fono u otro servicio similar, que registre la direcci\u00f3n del inmueble reportado por el (o los) solicitante (s).<\/li><li style=\"text-align: left;\">Registro de firmas de las personas que tengan autorizaci\u00f3n para disponer de los fondos de la cuenta en el registro de firmas correspondiente Sociedades u otras entidades en formaci\u00f3n.<\/li><li style=\"text-align: left;\">Anexar al formulario de inicio de relaciones carta de notario que certifique que la constituci\u00f3n de la sociedad o entidad est\u00e1 en proceso, en donde se indique, qu\u00e9 persona ser\u00e1 designada como representante legal.<\/li><li style=\"text-align: left;\">En el plazo de 60 d\u00edas contados a partir de la apertura de la cuenta, deber\u00e1 presentar los documentos indicados.<\/li><li style=\"text-align: left;\">Es obligaci\u00f3n del banco velar por el cumplimiento de lo indicado en el p\u00e1rrafo anterior.<\/li><li style=\"text-align: left;\">Otros documentos que el Banco considere necesarios.<\/li><\/ul><\/div><\/div><\/div><h3 style=\"color: #ffffff !important;\">Recuerde que con <a href=\"\/?page_id=730\"><span style=\"color: #ffcc00;\"> Banca en L\u00ednea<\/span> <\/a> puede realizar:<\/h3><ul style=\"list-style-type: disc;\"><li><span style=\"color: #ffffff;\">Emisi\u00f3n de Estado de Cuenta<\/span><\/li><li><span style=\"color: #ffffff;\">Transferencia a cuentas propias<\/span><\/li><li><span style=\"color: #ffffff;\">Pagar la cuota de su cr\u00e9dito con autorizaci\u00f3n de d\u00e9bito autom\u00e1tico<\/span><\/li><li><span style=\"color: #ffffff;\">BANCASAT, pago de impuestos<\/span><\/li><li><span style=\"color: #ffffff;\">Pago de Planilla<\/span><\/li><li><span style=\"color: #ffffff;\">Transferencias ACH<\/span><\/li><\/ul>\t\t\t\t\t\t\t\t<\/div>\n\t\t\t\t<\/div>\n\t\t\t\t\t<\/div>\n\t\t<\/div>\n\t\t\t\t\t<\/div>\n\t\t<\/section>\n\t\t\t\t<section class=\"elementor-section elementor-top-section elementor-element elementor-element-791d71b elementor-section-boxed elementor-section-height-default elementor-section-height-default\" data-id=\"791d71b\" data-element_type=\"section\">\n\t\t\t\t\t\t<div class=\"elementor-container elementor-column-gap-default\">\n\t\t\t\t\t<div class=\"elementor-column elementor-col-100 elementor-top-column elementor-element elementor-element-2d1dc43\" data-id=\"2d1dc43\" data-element_type=\"column\">\n\t\t\t<div class=\"elementor-widget-wrap elementor-element-populated\">\n\t\t\t\t\t\t<div class=\"elementor-element elementor-element-c3c3a80 elementor-align-center elementor-widget elementor-widget-button\" data-id=\"c3c3a80\" data-element_type=\"widget\" data-widget_type=\"button.default\">\n\t\t\t\t<div class=\"elementor-widget-container\">\n\t\t\t\t\t\t\t\t\t<div class=\"elementor-button-wrapper\">\n\t\t\t\t\t<a class=\"elementor-button elementor-button-link elementor-size-sm elementor-animation-grow\" href=\"https:\/\/vivibanco.com.gt\/QAPortal\/cuentadigital\/solicitud\/4\/0\" target=\"_blank\">\n\t\t\t\t\t\t<span class=\"elementor-button-content-wrapper\">\n\t\t\t\t\t\t<span class=\"elementor-button-icon\">\n\t\t\t\t<i aria-hidden=\"true\" class=\"fas fa-digital-tachograph\"><\/i>\t\t\t<\/span>\n\t\t\t\t\t\t\t\t\t<span class=\"elementor-button-text\">ABRIR CUENTA<\/span>\n\t\t\t\t\t<\/span>\n\t\t\t\t\t<\/a>\n\t\t\t\t<\/div>\n\t\t\t\t\t\t\t\t<\/div>\n\t\t\t\t<\/div>\n\t\t\t\t\t<\/div>\n\t\t<\/div>\n\t\t\t\t\t<\/div>\n\t\t<\/section>\n\t\t\t\t<\/div>\n\t\t","protected":false},"excerpt":{"rendered":"<p>ABRIR CUENTA Este producto de ahorro proporciona una manera accesible de ahorrar con una atractiva tasa de inter\u00e9s escalonada, beneficios adicionales y la opci\u00f3n de ahorro programado, idal para quienes buscan gestionar sus finanzas de manera eficiente Caracter\u00edsticas Monto de <a href=\"https:\/\/www.vivibanco.com.gt\/?page_id=6911\"><\/p>\n<div class=\"read-more\">\n<p>Read more &#8250;<\/p>\n<\/div>\n<p><!-- end of .read-more --><\/a><\/p>\n","protected":false},"author":1,"featured_media":7404,"parent":0,"menu_order":0,"comment_status":"closed","ping_status":"closed","template":"template-2productos.php","meta":{"footnotes":""},"class_list":["post-6911","page","type-page","status-publish","has-post-thumbnail","hentry"],"_links":{"self":[{"href":"https:\/\/www.vivibanco.com.gt\/index.php?rest_route=\/wp\/v2\/pages\/6911","targetHints":{"allow":["GET"]}}],"collection":[{"href":"https:\/\/www.vivibanco.com.gt\/index.php?rest_route=\/wp\/v2\/pages"}],"about":[{"href":"https:\/\/www.vivibanco.com.gt\/index.php?rest_route=\/wp\/v2\/types\/page"}],"author":[{"embeddable":true,"href":"https:\/\/www.vivibanco.com.gt\/index.php?rest_route=\/wp\/v2\/users\/1"}],"replies":[{"embeddable":true,"href":"https:\/\/www.vivibanco.com.gt\/index.php?rest_route=%2Fwp%2Fv2%2Fcomments&post=6911"}],"version-history":[{"count":1,"href":"https:\/\/www.vivibanco.com.gt\/index.php?rest_route=\/wp\/v2\/pages\/6911\/revisions"}],"predecessor-version":[{"id":7475,"href":"https:\/\/www.vivibanco.com.gt\/index.php?rest_route=\/wp\/v2\/pages\/6911\/revisions\/7475"}],"wp:featuredmedia":[{"embeddable":true,"href":"https:\/\/www.vivibanco.com.gt\/index.php?rest_route=\/wp\/v2\/media\/7404"}],"wp:attachment":[{"href":"https:\/\/www.vivibanco.com.gt\/index.php?rest_route=%2Fwp%2Fv2%2Fmedia&parent=6911"}],"curies":[{"name":"wp","href":"https:\/\/api.w.org\/{rel}","templated":true}]}}