{"id":6915,"date":"2025-03-31T17:04:39","date_gmt":"2025-03-31T23:04:39","guid":{"rendered":"https:\/\/www.vivibanco.com.gt\/?page_id=6915"},"modified":"2026-02-13T15:05:29","modified_gmt":"2026-02-13T21:05:29","slug":"plazo-fijo-plus","status":"publish","type":"page","link":"https:\/\/www.vivibanco.com.gt\/?page_id=6915","title":{"rendered":"Plazo Fijo Plus"},"content":{"rendered":"\t\t<div data-elementor-type=\"wp-page\" data-elementor-id=\"6915\" class=\"elementor elementor-6915\">\n\t\t\t\t\t\t<section class=\"elementor-section elementor-top-section elementor-element elementor-element-d035421 elementor-section-boxed elementor-section-height-default elementor-section-height-default\" data-id=\"d035421\" data-element_type=\"section\">\n\t\t\t\t\t\t<div class=\"elementor-container elementor-column-gap-default\">\n\t\t\t\t\t<div class=\"elementor-column elementor-col-100 elementor-top-column elementor-element elementor-element-0b41db0\" data-id=\"0b41db0\" data-element_type=\"column\">\n\t\t\t<div class=\"elementor-widget-wrap elementor-element-populated\">\n\t\t\t\t\t\t<div class=\"elementor-element elementor-element-c10d9ca elementor-align-center elementor-widget elementor-widget-button\" data-id=\"c10d9ca\" data-element_type=\"widget\" data-widget_type=\"button.default\">\n\t\t\t\t<div class=\"elementor-widget-container\">\n\t\t\t\t\t\t\t\t\t<div class=\"elementor-button-wrapper\">\n\t\t\t\t\t<a class=\"elementor-button elementor-button-link elementor-size-sm elementor-animation-grow\" href=\"https:\/\/vivibanco.com.gt\/QAPortal\/cuentadigital\/solicitud\/5\/0\" target=\"_blank\">\n\t\t\t\t\t\t<span class=\"elementor-button-content-wrapper\">\n\t\t\t\t\t\t<span class=\"elementor-button-icon\">\n\t\t\t\t<i aria-hidden=\"true\" class=\"fas fa-digital-tachograph\"><\/i>\t\t\t<\/span>\n\t\t\t\t\t\t\t\t\t<span class=\"elementor-button-text\">ABRIR CUENTA<\/span>\n\t\t\t\t\t<\/span>\n\t\t\t\t\t<\/a>\n\t\t\t\t<\/div>\n\t\t\t\t\t\t\t\t<\/div>\n\t\t\t\t<\/div>\n\t\t\t\t\t<\/div>\n\t\t<\/div>\n\t\t\t\t\t<\/div>\n\t\t<\/section>\n\t\t\t\t<section class=\"elementor-section elementor-top-section elementor-element elementor-element-7f76be6 elementor-section-boxed elementor-section-height-default elementor-section-height-default\" data-id=\"7f76be6\" data-element_type=\"section\">\n\t\t\t\t\t\t<div class=\"elementor-container elementor-column-gap-default\">\n\t\t\t\t\t<div class=\"elementor-column elementor-col-100 elementor-top-column elementor-element elementor-element-56e1c4d\" data-id=\"56e1c4d\" data-element_type=\"column\">\n\t\t\t<div class=\"elementor-widget-wrap elementor-element-populated\">\n\t\t\t\t\t\t<div class=\"elementor-element elementor-element-ed93d4b elementor-widget elementor-widget-text-editor\" data-id=\"ed93d4b\" data-element_type=\"widget\" data-widget_type=\"text-editor.default\">\n\t\t\t\t<div class=\"elementor-widget-container\">\n\t\t\t\t\t\t\t\t\t<div class=\"row\"><div class=\"col-sm-12\" style=\"text-align: left;\"><span style=\"color: #ffffff;\">Este certificado a plazo fijo ofrece una inversi\u00f3n segura con una tasa de inter\u00e9s competitiva y opciones flexibles de plazo y renovaci\u00f3n, junto con beneficios adicionales que mejoran la experiencia del cliente y fomentan la lealtad.<\/span><\/div><\/div><h3 style=\"text-align: left;\">Beneficios<\/h3><ul style=\"list-style-type: disc;\"><li style=\"text-align: left;\"><span style=\"color: #ffffff;\">Tasa especial en el CDP para Grupos Relacionados: El grupo contar\u00e1 con un l\u00edder (referente) que recibir\u00e1 la tasa m\u00e1s alta. A los referidos (familiares o empresas relacionadas) se les aplicar\u00e1 la misma tasa, independientemente del monto. El plazo es de un a\u00f1o.<\/span><\/li><\/ul><h3 style=\"text-align: left;\">Caracter\u00edsticas<\/h3><ul style=\"list-style-type: disc; text-align: left;\"><li><span style=\"color: #ffffff;\">Monto de apertura m\u00ednimo: Q3,000.00<\/span><\/li><li><span style=\"color: #ffffff;\">Tasa de inter\u00e9s escalonada<\/span><\/li><li><span style=\"color: #ffffff;\">Plazo de 180, 365 y 730 d\u00edas<\/span><\/li><li><span style=\"color: #ffffff;\">Inversiones de CDP en cuenta virtual para montos hasta Q50,000.00<\/span><\/li><li><span style=\"color: #ffffff;\">Para CDP de Q50,000.01 en adelante se debe de realizar en cualquier agencia<\/span><\/li><li><span style=\"color: #ffffff;\">Renovaci\u00f3n autom\u00e1tica del CDP si no se notifica la cancelaci\u00f3n previamente<\/span><\/li><li><span style=\"color: #ffffff;\">Utilizar el Certificado a Plazo Fijo como garant\u00eda y solicita tu cr\u00e9dito Back to Back (podr\u00e1 retirar hasta el 80% del saldo con un diferencial de tasa del 3%<\/span><\/li><li><span style=\"color: #ffffff;\">Optar a productos adicionales de Vivibanco<\/span><\/li><\/ul><h3 style=\"text-align: left;\">\u00a0Requisitos<\/h3><div><ul class=\"nav nav-tabs\"><li><a href=\"#persona\" data-toggle=\"tab\">Persona Individual<\/a><\/li><li><a href=\"#empresa\" data-toggle=\"tab\">Empresas<i class=\"fa fa-arrow-circle-o-right\"><\/i><\/a><\/li><\/ul><\/div><div class=\"tab-content\"><div id=\"persona\" class=\"tab-pane fade\"><ul style=\"list-style-type: disc;\"><li style=\"text-align: left;\">Contrato de Apertura de cuenta<\/li><li style=\"text-align: left;\">Formulario de inicio de relaciones FEIC PI<\/li><li style=\"text-align: left;\">Presentar copia de DPI del o los solicitantes y documento presentado (ambos lados)<\/li><li style=\"text-align: left;\">Si es (son) extranjero (s) fotocopia del pasaporte y acreditaci\u00f3n migratoria<\/li><li style=\"text-align: left;\">Para ciudadanos y personas residentes en los Estados Unidos de Norte Am\u00e9rica deber\u00e1n presentar su carn\u00e9 Social Security y el Taxpayer Identification Number \u201cTIN\u201d (N\u00famero de identificaci\u00f3n de Contribuyente)<\/li><li style=\"text-align: left;\">Si posee negocio propio, presentar fotocopia de patente de comercio y carn\u00e9 de la SAT o RTU (antig\u00fcedad m\u00e1xima 1 a\u00f1o)<\/li><\/ul><\/div><div id=\"empresa\" class=\"tab-pane fade\"><ul style=\"list-style-type: disc;\"><li style=\"text-align: left;\">Contrato de apertura de cuenta<\/li><li style=\"text-align: left;\">Formulario FEIC PJ<\/li><li style=\"text-align: left;\">Fotocopia del DPI del representante legal (ambos lados)<\/li><li style=\"text-align: left;\">Si el representante legal es extranjero fotocopia del pasaporte y acreditaci\u00f3n migratoria<\/li><li style=\"text-align: left;\">Fotocopia del primer testimonio de la escritura p\u00fablica de constituci\u00f3n, debidamente registrada<\/li><li style=\"text-align: left;\">Fotocopia de la Patente de Sociedad<\/li><li style=\"text-align: left;\">Fotocopia de la Patente de Empresa<\/li><li style=\"text-align: left;\">Fotocopia del Acuerdo Gubernativo u otro documento similar (en el caso de Fundaciones, Iglesias, etc.) en que se autorice su constituci\u00f3n<\/li><li style=\"text-align: left;\">Fotocopia del nombramiento del representante legal, debidamente registrado<\/li><li style=\"text-align: left;\">Primer testimonio de la escritura de mandato debidamente registrado y vigente<\/li><li style=\"text-align: left;\">Fotocopia de los documentos de identificaci\u00f3n de los firmantes de la cuenta<\/li><li style=\"text-align: left;\">En caso de ser extranjeros, una fotocopia de su documento de identificaci\u00f3n y del documento que acredite su condici\u00f3n migratoria, cuando aplique (pasaporte, tarjeta de visitante, pase especial de viaje)<\/li><li style=\"text-align: left;\">Para ciudadanos y personas residentes en los Estados Unidos de Norte Am\u00e9rica deber\u00e1n presentar su carn\u00e9 Social Security y el Taxpayer Identification Number \u201cTIN\u201d (N\u00famero de identificaci\u00f3n de Contribuyente)<\/li><li style=\"text-align: left;\">Fotocopia de un recibo, ya sea de agua, luz o tel\u00e9fono u otro servicio similar, que registre la direcci\u00f3n del inmueble reportado por el (o los) solicitante (s)<\/li><li style=\"text-align: left;\">Registro de firmas de las personas que tengan autorizaci\u00f3n para disponer de los fondos de la cuenta en el registro de firmas correspondiente Sociedades u otras entidades en formaci\u00f3n<\/li><li style=\"text-align: left;\">Anexar al formulario de inicio de relaciones carta de notario que certifique que la constituci\u00f3n de la sociedad o entidad est\u00e1 en proceso, en donde se indique, qu\u00e9 persona ser\u00e1 designada como representante legal<\/li><li style=\"text-align: left;\">En el plazo de 60 d\u00edas contados a partir de la apertura de la cuenta, deber\u00e1 presentar los documentos indicados<\/li><li style=\"text-align: left;\">Es obligaci\u00f3n del banco velar por el cumplimiento de lo indicado en el p\u00e1rrafo anterior<\/li><\/ul><\/div><\/div><h3 style=\"color: #ffffff !important; text-align: left;\">Recuerde que con <a href=\"\/?page_id=730\"><span style=\"color: #ffcc00;\"> Banca en L\u00ednea<\/span> <\/a> puede realizar:<\/h3><ul style=\"list-style-type: disc;\"><li style=\"text-align: left;\"><span style=\"color: #ffffff;\">Emisi\u00f3n de Estado de Cuenta<\/span><\/li><li style=\"text-align: left;\"><span style=\"color: #ffffff;\">Transferencia a cuentas propias<\/span><\/li><li style=\"text-align: left;\"><span style=\"color: #ffffff;\">Pagar la cuota de su cr\u00e9dito con autorizaci\u00f3n de d\u00e9bito autom\u00e1tico<\/span><\/li><li style=\"text-align: left;\"><span style=\"color: #ffffff;\">BANCASAT, pago de impuestos<\/span><\/li><li style=\"text-align: left;\"><span style=\"color: #ffffff;\">Pago de Planilla<\/span><\/li><li style=\"text-align: left;\"><span style=\"color: #ffffff;\">Transferencias ACH<\/span><\/li><\/ul>\t\t\t\t\t\t\t\t<\/div>\n\t\t\t\t<\/div>\n\t\t\t\t\t<\/div>\n\t\t<\/div>\n\t\t\t\t\t<\/div>\n\t\t<\/section>\n\t\t\t\t<section class=\"elementor-section elementor-top-section elementor-element elementor-element-ebef3ac elementor-section-boxed elementor-section-height-default elementor-section-height-default\" data-id=\"ebef3ac\" data-element_type=\"section\">\n\t\t\t\t\t\t<div class=\"elementor-container elementor-column-gap-default\">\n\t\t\t\t\t<div class=\"elementor-column elementor-col-100 elementor-top-column elementor-element elementor-element-e027382\" data-id=\"e027382\" data-element_type=\"column\">\n\t\t\t<div class=\"elementor-widget-wrap elementor-element-populated\">\n\t\t\t\t\t\t<div class=\"elementor-element elementor-element-7e3fd9e elementor-align-center elementor-widget elementor-widget-button\" data-id=\"7e3fd9e\" data-element_type=\"widget\" data-widget_type=\"button.default\">\n\t\t\t\t<div class=\"elementor-widget-container\">\n\t\t\t\t\t\t\t\t\t<div class=\"elementor-button-wrapper\">\n\t\t\t\t\t<a class=\"elementor-button elementor-button-link elementor-size-sm elementor-animation-grow\" href=\"https:\/\/vivibanco.com.gt\/QAPortal\/cuentadigital\/solicitud\/5\/0\" target=\"_blank\">\n\t\t\t\t\t\t<span class=\"elementor-button-content-wrapper\">\n\t\t\t\t\t\t<span class=\"elementor-button-icon\">\n\t\t\t\t<i aria-hidden=\"true\" class=\"fas fa-digital-tachograph\"><\/i>\t\t\t<\/span>\n\t\t\t\t\t\t\t\t\t<span class=\"elementor-button-text\">ABRIR CUENTA<\/span>\n\t\t\t\t\t<\/span>\n\t\t\t\t\t<\/a>\n\t\t\t\t<\/div>\n\t\t\t\t\t\t\t\t<\/div>\n\t\t\t\t<\/div>\n\t\t\t\t\t<\/div>\n\t\t<\/div>\n\t\t\t\t\t<\/div>\n\t\t<\/section>\n\t\t\t\t<\/div>\n\t\t","protected":false},"excerpt":{"rendered":"<p>ABRIR CUENTA Este certificado a plazo fijo ofrece una inversi\u00f3n segura con una tasa de inter\u00e9s competitiva y opciones flexibles de plazo y renovaci\u00f3n, junto con beneficios adicionales que mejoran la experiencia del cliente y fomentan la lealtad. Beneficios Tasa <a href=\"https:\/\/www.vivibanco.com.gt\/?page_id=6915\"><\/p>\n<div class=\"read-more\">\n<p>Read more &#8250;<\/p>\n<\/div>\n<p><!-- end of .read-more --><\/a><\/p>\n","protected":false},"author":1,"featured_media":7410,"parent":0,"menu_order":0,"comment_status":"closed","ping_status":"closed","template":"template-2productos.php","meta":{"footnotes":""},"class_list":["post-6915","page","type-page","status-publish","has-post-thumbnail","hentry"],"_links":{"self":[{"href":"https:\/\/www.vivibanco.com.gt\/index.php?rest_route=\/wp\/v2\/pages\/6915","targetHints":{"allow":["GET"]}}],"collection":[{"href":"https:\/\/www.vivibanco.com.gt\/index.php?rest_route=\/wp\/v2\/pages"}],"about":[{"href":"https:\/\/www.vivibanco.com.gt\/index.php?rest_route=\/wp\/v2\/types\/page"}],"author":[{"embeddable":true,"href":"https:\/\/www.vivibanco.com.gt\/index.php?rest_route=\/wp\/v2\/users\/1"}],"replies":[{"embeddable":true,"href":"https:\/\/www.vivibanco.com.gt\/index.php?rest_route=%2Fwp%2Fv2%2Fcomments&post=6915"}],"version-history":[{"count":1,"href":"https:\/\/www.vivibanco.com.gt\/index.php?rest_route=\/wp\/v2\/pages\/6915\/revisions"}],"predecessor-version":[{"id":7478,"href":"https:\/\/www.vivibanco.com.gt\/index.php?rest_route=\/wp\/v2\/pages\/6915\/revisions\/7478"}],"wp:featuredmedia":[{"embeddable":true,"href":"https:\/\/www.vivibanco.com.gt\/index.php?rest_route=\/wp\/v2\/media\/7410"}],"wp:attachment":[{"href":"https:\/\/www.vivibanco.com.gt\/index.php?rest_route=%2Fwp%2Fv2%2Fmedia&parent=6915"}],"curies":[{"name":"wp","href":"https:\/\/api.w.org\/{rel}","templated":true}]}}